{"id":2465,"date":"2023-02-22T08:42:32","date_gmt":"2023-02-22T08:42:32","guid":{"rendered":"https:\/\/euproject-links.eu\/?page_id=2465"},"modified":"2024-01-18T10:40:16","modified_gmt":"2024-01-18T10:40:16","slug":"projekt","status":"publish","type":"page","link":"https:\/\/euproject-links.eu\/?page_id=2465&lang=da","title":{"rendered":"Projekt"},"content":{"rendered":"\t\t<div data-elementor-type=\"wp-page\" data-elementor-id=\"2465\" class=\"elementor elementor-2465\">\n\t\t\t\t\t\t<section class=\"elementor-section elementor-top-section elementor-element elementor-element-86b9a2f elementor-section-boxed elementor-section-height-default elementor-section-height-default\" data-id=\"86b9a2f\" data-element_type=\"section\" data-e-type=\"section\" data-settings=\"{&quot;background_background&quot;:&quot;classic&quot;,&quot;shape_divider_bottom&quot;:&quot;triangle&quot;,&quot;shape_divider_bottom_negative&quot;:&quot;yes&quot;}\">\n\t\t\t\t\t\t\t<div class=\"elementor-background-overlay\"><\/div>\n\t\t\t\t\t\t<div class=\"elementor-shape elementor-shape-bottom\" aria-hidden=\"true\" data-negative=\"true\">\n\t\t\t<svg xmlns=\"http:\/\/www.w3.org\/2000\/svg\" viewBox=\"0 0 1000 100\" preserveAspectRatio=\"none\">\n\t<path class=\"elementor-shape-fill\" d=\"M500.2,94.7L0,0v100h1000V0L500.2,94.7z\"\/>\n<\/svg>\t\t<\/div>\n\t\t\t\t\t<div class=\"elementor-container elementor-column-gap-default\">\n\t\t\t\t\t<div class=\"elementor-column elementor-col-100 elementor-top-column elementor-element elementor-element-892085b\" data-id=\"892085b\" data-element_type=\"column\" data-e-type=\"column\">\n\t\t\t<div class=\"elementor-widget-wrap elementor-element-populated\">\n\t\t\t\t\t\t<div class=\"elementor-element elementor-element-13e3ff7 elementor-widget elementor-widget-spacer\" data-id=\"13e3ff7\" data-element_type=\"widget\" data-e-type=\"widget\" data-widget_type=\"spacer.default\">\n\t\t\t\t<div class=\"elementor-widget-container\">\n\t\t\t\t\t\t\t<div class=\"elementor-spacer\">\n\t\t\t<div class=\"elementor-spacer-inner\"><\/div>\n\t\t<\/div>\n\t\t\t\t\t\t<\/div>\n\t\t\t\t<\/div>\n\t\t\t\t<div class=\"elementor-element elementor-element-3e051ff elementor-widget elementor-widget-heading\" data-id=\"3e051ff\" data-element_type=\"widget\" data-e-type=\"widget\" data-widget_type=\"heading.default\">\n\t\t\t\t<div class=\"elementor-widget-container\">\n\t\t\t\t\t<h2 class=\"elementor-heading-title elementor-size-default\">Projektet<\/h2>\t\t\t\t<\/div>\n\t\t\t\t<\/div>\n\t\t\t\t<div class=\"elementor-element elementor-element-8b66764 elementor-widget elementor-widget-spacer\" data-id=\"8b66764\" data-element_type=\"widget\" data-e-type=\"widget\" data-widget_type=\"spacer.default\">\n\t\t\t\t<div class=\"elementor-widget-container\">\n\t\t\t\t\t\t\t<div class=\"elementor-spacer\">\n\t\t\t<div class=\"elementor-spacer-inner\"><\/div>\n\t\t<\/div>\n\t\t\t\t\t\t<\/div>\n\t\t\t\t<\/div>\n\t\t\t\t\t<\/div>\n\t\t<\/div>\n\t\t\t\t\t<\/div>\n\t\t<\/section>\n\t\t\t\t<section class=\"elementor-section elementor-top-section elementor-element elementor-element-dc7108e elementor-section-boxed elementor-section-height-default elementor-section-height-default\" data-id=\"dc7108e\" data-element_type=\"section\" data-e-type=\"section\">\n\t\t\t\t\t\t<div class=\"elementor-container elementor-column-gap-default\">\n\t\t\t\t\t<div class=\"elementor-column elementor-col-100 elementor-top-column elementor-element elementor-element-904be40\" data-id=\"904be40\" data-element_type=\"column\" data-e-type=\"column\">\n\t\t\t<div class=\"elementor-widget-wrap elementor-element-populated\">\n\t\t\t\t\t\t<div class=\"elementor-element elementor-element-8bc2950 elementor-widget elementor-widget-spacer\" data-id=\"8bc2950\" data-element_type=\"widget\" data-e-type=\"widget\" data-widget_type=\"spacer.default\">\n\t\t\t\t<div class=\"elementor-widget-container\">\n\t\t\t\t\t\t\t<div class=\"elementor-spacer\">\n\t\t\t<div class=\"elementor-spacer-inner\"><\/div>\n\t\t<\/div>\n\t\t\t\t\t\t<\/div>\n\t\t\t\t<\/div>\n\t\t\t\t<div class=\"elementor-element elementor-element-61f66a6 elementor-widget elementor-widget-heading\" data-id=\"61f66a6\" data-element_type=\"widget\" data-e-type=\"widget\" data-widget_type=\"heading.default\">\n\t\t\t\t<div class=\"elementor-widget-container\">\n\t\t\t\t\t<h2 class=\"elementor-heading-title elementor-size-default\">Projektbeskrivelse<\/h2>\t\t\t\t<\/div>\n\t\t\t\t<\/div>\n\t\t\t\t<div class=\"elementor-element elementor-element-4ed6997 elementor-widget elementor-widget-spacer\" data-id=\"4ed6997\" data-element_type=\"widget\" data-e-type=\"widget\" data-widget_type=\"spacer.default\">\n\t\t\t\t<div class=\"elementor-widget-container\">\n\t\t\t\t\t\t\t<div class=\"elementor-spacer\">\n\t\t\t<div class=\"elementor-spacer-inner\"><\/div>\n\t\t<\/div>\n\t\t\t\t\t\t<\/div>\n\t\t\t\t<\/div>\n\t\t\t\t<section class=\"elementor-section elementor-inner-section elementor-element elementor-element-5e4ab25 elementor-section-boxed elementor-section-height-default elementor-section-height-default\" data-id=\"5e4ab25\" data-element_type=\"section\" data-e-type=\"section\">\n\t\t\t\t\t\t<div class=\"elementor-container elementor-column-gap-default\">\n\t\t\t\t\t<div class=\"elementor-column elementor-col-33 elementor-inner-column elementor-element elementor-element-a63966a\" data-id=\"a63966a\" data-element_type=\"column\" data-e-type=\"column\">\n\t\t\t<div class=\"elementor-widget-wrap elementor-element-populated\">\n\t\t\t\t\t\t<div class=\"elementor-element elementor-element-c59dd0a elementor-widget elementor-widget-text-editor\" data-id=\"c59dd0a\" data-element_type=\"widget\" data-e-type=\"widget\" data-widget_type=\"text-editor.default\">\n\t\t\t\t<div class=\"elementor-widget-container\">\n\t\t\t\t\t\t\t\t\t<p>Digital suver\u00e6nitet er et nyt koncept i den digitale \u00e6ra, der foresl\u00e5r, at parterne skal have suver\u00e6nitet over deres egne digitale data. P\u00e5 et individuelt niveau demonstrerer digital suver\u00e6nitet individers kapacitet til at eje deres personlige data og kontrollere deres brug. Personlige data er det nye r\u00e5 aktiv, som et komplekst \u00f8kosystem er blevet etableret for at indsamle, analysere og handle med v\u00e6rdien af. Data\u00f8konomien sammen med den igangv\u00e6rende digitale transformation rejser dog flere store bekymringer.N\u00e5r det kommer til ungdomsarbejdere og deres aktiviteter, bliver aspekterne af digital suver\u00e6nitet og data\/privatlivsbeskyttelse af endnu st\u00f8rre betydning. P\u00e5 grund af deres arbejdes art har ungdomsarbejdere adgang til og\/eller behandler data og f\u00f8lsomme personoplysninger s\u00e5som medicinske detaljer, n\u00f8dkontaktnavne, numre til sundhedsadministration osv.<\/p><p>LINKS-projektet vil direkte og aktivt st\u00f8tte ungdomsarbejdere med at udvikle og forbedre deres arbejde. digital suver\u00e6nitet og digital sikkerhed f\u00e6rdigheder og kompetencer, som tjener et todelt form\u00e5l:<\/p><p>1. P\u00e5 individuelt plan vil ungdomsarbejdere forbedre og forbedre deres viden og de tilg\u00e6ngelige v\u00e6rkt\u00f8jer, der vil hj\u00e6lpe dem med at kontrollere og evaluere brugen af deres og andres personlige digitale data og historie.<br \/>2. P\u00e5 samfundsniveau og gennem ungdomsarbejdernes \u00f8gede digitale suver\u00e6nitet vil digitale data fra organisationer, ngo&#8217;er og forskellige grupper, der st\u00f8ttes af disse organisationer (migranter, flygtninge, arbejdsl\u00f8se unge, osv.) v\u00e6re godt beskyttet og sikret mod misbrug og\/eller cyberangreb.<\/p>\t\t\t\t\t\t\t\t<\/div>\n\t\t\t\t<\/div>\n\t\t\t\t\t<\/div>\n\t\t<\/div>\n\t\t\t\t<div class=\"elementor-column elementor-col-33 elementor-inner-column elementor-element elementor-element-29654d2\" data-id=\"29654d2\" data-element_type=\"column\" data-e-type=\"column\">\n\t\t\t<div class=\"elementor-widget-wrap\">\n\t\t\t\t\t\t\t<\/div>\n\t\t<\/div>\n\t\t\t\t<div class=\"elementor-column elementor-col-33 elementor-inner-column elementor-element elementor-element-19b185c\" data-id=\"19b185c\" data-element_type=\"column\" data-e-type=\"column\">\n\t\t\t<div class=\"elementor-widget-wrap elementor-element-populated\">\n\t\t\t\t\t\t<div class=\"elementor-element elementor-element-2e44196 elementor-widget elementor-widget-spacer\" data-id=\"2e44196\" data-element_type=\"widget\" data-e-type=\"widget\" data-widget_type=\"spacer.default\">\n\t\t\t\t<div class=\"elementor-widget-container\">\n\t\t\t\t\t\t\t<div class=\"elementor-spacer\">\n\t\t\t<div class=\"elementor-spacer-inner\"><\/div>\n\t\t<\/div>\n\t\t\t\t\t\t<\/div>\n\t\t\t\t<\/div>\n\t\t\t\t<div class=\"elementor-element elementor-element-8cc176d elementor-widget elementor-widget-image\" data-id=\"8cc176d\" data-element_type=\"widget\" data-e-type=\"widget\" data-widget_type=\"image.default\">\n\t\t\t\t<div class=\"elementor-widget-container\">\n\t\t\t\t\t\t\t\t\t\t\t\t\t\t\t<img fetchpriority=\"high\" decoding=\"async\" width=\"398\" height=\"482\" src=\"https:\/\/euproject-links.eu\/wp-content\/uploads\/2022\/05\/PRs-page.png\" class=\"attachment-large size-large wp-image-2204\" alt=\"\" srcset=\"https:\/\/euproject-links.eu\/wp-content\/uploads\/2022\/05\/PRs-page.png 398w, https:\/\/euproject-links.eu\/wp-content\/uploads\/2022\/05\/PRs-page-248x300.png 248w\" sizes=\"(max-width: 398px) 100vw, 398px\" \/>\t\t\t\t\t\t\t\t\t\t\t\t\t\t\t<\/div>\n\t\t\t\t<\/div>\n\t\t\t\t\t<\/div>\n\t\t<\/div>\n\t\t\t\t\t<\/div>\n\t\t<\/section>\n\t\t\t\t<div class=\"elementor-element elementor-element-cc374b6 elementor-widget elementor-widget-spacer\" data-id=\"cc374b6\" data-element_type=\"widget\" data-e-type=\"widget\" data-widget_type=\"spacer.default\">\n\t\t\t\t<div class=\"elementor-widget-container\">\n\t\t\t\t\t\t\t<div class=\"elementor-spacer\">\n\t\t\t<div class=\"elementor-spacer-inner\"><\/div>\n\t\t<\/div>\n\t\t\t\t\t\t<\/div>\n\t\t\t\t<\/div>\n\t\t\t\t\t<\/div>\n\t\t<\/div>\n\t\t\t\t\t<\/div>\n\t\t<\/section>\n\t\t\t\t<section class=\"elementor-section elementor-top-section elementor-element elementor-element-6649344 elementor-section-boxed elementor-section-height-default elementor-section-height-default\" data-id=\"6649344\" data-element_type=\"section\" data-e-type=\"section\" data-settings=\"{&quot;background_background&quot;:&quot;classic&quot;}\">\n\t\t\t\t\t\t\t<div class=\"elementor-background-overlay\"><\/div>\n\t\t\t\t\t\t\t<div class=\"elementor-container elementor-column-gap-default\">\n\t\t\t\t\t<div class=\"elementor-column elementor-col-100 elementor-top-column elementor-element elementor-element-f03140a\" data-id=\"f03140a\" data-element_type=\"column\" data-e-type=\"column\">\n\t\t\t<div class=\"elementor-widget-wrap elementor-element-populated\">\n\t\t\t\t\t\t<div class=\"elementor-element elementor-element-4148c2f elementor-widget elementor-widget-spacer\" data-id=\"4148c2f\" data-element_type=\"widget\" data-e-type=\"widget\" data-widget_type=\"spacer.default\">\n\t\t\t\t<div class=\"elementor-widget-container\">\n\t\t\t\t\t\t\t<div class=\"elementor-spacer\">\n\t\t\t<div class=\"elementor-spacer-inner\"><\/div>\n\t\t<\/div>\n\t\t\t\t\t\t<\/div>\n\t\t\t\t<\/div>\n\t\t\t\t<div class=\"elementor-element elementor-element-93ede5b elementor-widget elementor-widget-heading\" data-id=\"93ede5b\" data-element_type=\"widget\" data-e-type=\"widget\" data-widget_type=\"heading.default\">\n\t\t\t\t<div class=\"elementor-widget-container\">\n\t\t\t\t\t<h2 class=\"elementor-heading-title elementor-size-default\">Virkning<\/h2>\t\t\t\t<\/div>\n\t\t\t\t<\/div>\n\t\t\t\t<div class=\"elementor-element elementor-element-9173bf5 elementor-widget elementor-widget-spacer\" data-id=\"9173bf5\" data-element_type=\"widget\" data-e-type=\"widget\" data-widget_type=\"spacer.default\">\n\t\t\t\t<div class=\"elementor-widget-container\">\n\t\t\t\t\t\t\t<div class=\"elementor-spacer\">\n\t\t\t<div class=\"elementor-spacer-inner\"><\/div>\n\t\t<\/div>\n\t\t\t\t\t\t<\/div>\n\t\t\t\t<\/div>\n\t\t\t\t<div class=\"elementor-element elementor-element-dc1b374 elementor-widget elementor-widget-text-editor\" data-id=\"dc1b374\" data-element_type=\"widget\" data-e-type=\"widget\" data-widget_type=\"text-editor.default\">\n\t\t\t\t<div class=\"elementor-widget-container\">\n\t\t\t\t\t\t\t\t\t<p>&#8220;\u00d8get kapacitet hos ungdomsarbejdere til at sikre beskyttelsen af deres og andres personlige digitale data; -\u00d8get selvbevidsthed og kritisk t\u00e6nkning i forhold til brugen af digitale enheder og former for digital kommunikation; &#8211; Forst\u00e5else og bevidsthed om den effektive anvendelse af digitale sikkerhedsforanstaltninger i det daglige arbejde og specifikke situationer; &#8211; ledelse af personlig udvikling og tv\u00e6rg\u00e5ende f\u00e6rdigheder; &#8211; personlig empowerment og uafh\u00e6ngighed; &#8211; selvrefleksion og ejerskab af personlig og faglig udvikling; &#8211; Interesse for bredere digitale sikkerhedssp\u00f8rgsm\u00e5l og bekymringer p\u00e5 nationalt og europ\u00e6isk plan; &#8211; bevidsthed om og forst\u00e5else for digitale kompetencer; &#8211; Forst\u00e5else af probleml\u00f8sningsprocessen, der kan anvendes p\u00e5 digitale sikkerhedsproblemer og foresp\u00f8rgsler; &#8211; Viden om \u00e5rsager og virkninger af digital sikkerhed \u00e5rsag, virkninger og konsekvenser p\u00e5 lokalt, regionalt, nationalt og europ\u00e6isk plan; &#8211; \u00d8get bekymring for digitale sikkerhedssp\u00f8rgsm\u00e5l; &#8211; Tillid til at v\u00e6re i stand til at udfordre og aktivt adressere potentielle digitale sikkerhedstrusler; &#8211; Opn\u00e5else p\u00e5 tv\u00e6rs af uddannelsesmoduler; &#8211; Opn\u00e5else af europ\u00e6iske n\u00f8glekompetencer.&#8221;<\/p><ul><li>\u00d8get kapacitet hos ungdomsarbejdere til at sikre beskyttelsen af deres og andres personlige digitale data;<\/li><li>\u00d8get selvbevidsthed og kritisk t\u00e6nkning i forhold til brugen af digitale enheder og former for digital kommunikation;<\/li><li>Forst\u00e5else og bevidsthed om den effektive anvendelse af digitale sikkerhedsforanstaltninger i det daglige arbejde og specifikke situationer;<\/li><li>ledelse af personlig udvikling og tv\u00e6rg\u00e5ende f\u00e6rdigheder;<\/li><li>personlig empowerment og uafh\u00e6ngighed;<\/li><li>selvrefleksion og ejerskab af personlig og faglig udvikling;<\/li><li>Interesse for bredere digitale sikkerhedssp\u00f8rgsm\u00e5l og bekymringer p\u00e5 nationalt og europ\u00e6isk plan;<\/li><li>bevidsthed om og forst\u00e5else for digitale kompetencer;<\/li><li>Forst\u00e5else af probleml\u00f8sningsprocessen, der kan anvendes p\u00e5 digitale sikkerhedsproblemer og foresp\u00f8rgsler;<\/li><li>Viden om \u00e5rsager og virkninger af digital sikkerhed \u00e5rsag, virkninger og konsekvenser p\u00e5 lokalt, regionalt, nationalt og europ\u00e6isk plan;<\/li><li>\u00d8get bekymring for digitale sikkerhedssp\u00f8rgsm\u00e5l;<\/li><li>Tillid til at v\u00e6re i stand til at udfordre og aktivt adressere potentielle digitale sikkerhedstrusler;<\/li><li>Opn\u00e5else p\u00e5 tv\u00e6rs af uddannelsesmoduler;<\/li><li>Opn\u00e5else af europ\u00e6iske n\u00f8glekompetencer.<\/li><\/ul>\t\t\t\t\t\t\t\t<\/div>\n\t\t\t\t<\/div>\n\t\t\t\t<div class=\"elementor-element elementor-element-18a0cdc elementor-widget elementor-widget-spacer\" data-id=\"18a0cdc\" data-element_type=\"widget\" data-e-type=\"widget\" data-widget_type=\"spacer.default\">\n\t\t\t\t<div class=\"elementor-widget-container\">\n\t\t\t\t\t\t\t<div class=\"elementor-spacer\">\n\t\t\t<div class=\"elementor-spacer-inner\"><\/div>\n\t\t<\/div>\n\t\t\t\t\t\t<\/div>\n\t\t\t\t<\/div>\n\t\t\t\t\t<\/div>\n\t\t<\/div>\n\t\t\t\t\t<\/div>\n\t\t<\/section>\n\t\t\t\t<section class=\"elementor-section elementor-top-section elementor-element elementor-element-75ceb75 elementor-section-boxed elementor-section-height-default elementor-section-height-default\" data-id=\"75ceb75\" data-element_type=\"section\" data-e-type=\"section\" data-settings=\"{&quot;background_background&quot;:&quot;classic&quot;}\">\n\t\t\t\t\t\t<div class=\"elementor-container elementor-column-gap-default\">\n\t\t\t\t\t<div class=\"elementor-column elementor-col-33 elementor-top-column elementor-element elementor-element-27c7c46\" data-id=\"27c7c46\" data-element_type=\"column\" data-e-type=\"column\">\n\t\t\t<div class=\"elementor-widget-wrap elementor-element-populated\">\n\t\t\t\t\t\t<div class=\"elementor-element elementor-element-0ced74b elementor-widget elementor-widget-spacer\" data-id=\"0ced74b\" data-element_type=\"widget\" data-e-type=\"widget\" data-widget_type=\"spacer.default\">\n\t\t\t\t<div class=\"elementor-widget-container\">\n\t\t\t\t\t\t\t<div class=\"elementor-spacer\">\n\t\t\t<div class=\"elementor-spacer-inner\"><\/div>\n\t\t<\/div>\n\t\t\t\t\t\t<\/div>\n\t\t\t\t<\/div>\n\t\t\t\t<div class=\"elementor-element elementor-element-10a3867 elementor-widget elementor-widget-image\" data-id=\"10a3867\" data-element_type=\"widget\" data-e-type=\"widget\" data-widget_type=\"image.default\">\n\t\t\t\t<div class=\"elementor-widget-container\">\n\t\t\t\t\t\t\t\t\t\t\t\t\t\t\t<img decoding=\"async\" width=\"300\" height=\"61\" src=\"https:\/\/euproject-links.eu\/wp-content\/uploads\/2022\/05\/EN_Co-funded_by_the_EU_PANTONE__1_-removebg-preview-e1653553317677-300x61.png\" class=\"attachment-medium size-medium wp-image-2139\" alt=\"\" srcset=\"https:\/\/euproject-links.eu\/wp-content\/uploads\/2022\/05\/EN_Co-funded_by_the_EU_PANTONE__1_-removebg-preview-e1653553317677-300x61.png 300w, https:\/\/euproject-links.eu\/wp-content\/uploads\/2022\/05\/EN_Co-funded_by_the_EU_PANTONE__1_-removebg-preview-e1653553317677-768x156.png 768w, https:\/\/euproject-links.eu\/wp-content\/uploads\/2022\/05\/EN_Co-funded_by_the_EU_PANTONE__1_-removebg-preview-e1653553317677-720x146.png 720w, https:\/\/euproject-links.eu\/wp-content\/uploads\/2022\/05\/EN_Co-funded_by_the_EU_PANTONE__1_-removebg-preview-e1653553317677.png 1006w\" sizes=\"(max-width: 300px) 100vw, 300px\" \/>\t\t\t\t\t\t\t\t\t\t\t\t\t\t\t<\/div>\n\t\t\t\t<\/div>\n\t\t\t\t<div class=\"elementor-element elementor-element-5f5f1b0 elementor-widget elementor-widget-text-editor\" data-id=\"5f5f1b0\" data-element_type=\"widget\" data-e-type=\"widget\" data-widget_type=\"text-editor.default\">\n\t\t\t\t<div class=\"elementor-widget-container\">\n\t\t\t\t\t\t\t\t\t<p>Finansieret af Den Europ\u00e6iske Union. Synspunkter og holdninger, der kommer til udtryk, er udelukkende forfatterens\/forfatternes og er ikke n\u00f8vendigvis udtryk for Den Europ\u00e6iske Unions eller Det Europ\u00e6iske Forvaltningsorgan for Uddannelse og Kulturs (EACEA) officielle holdning. Hverken den Europ\u00e6iske Union eller EACEA kan holdes ansvarlig herfor. 2021-2-DK01-KA220-YOU-000050308<\/p>\t\t\t\t\t\t\t\t<\/div>\n\t\t\t\t<\/div>\n\t\t\t\t<div class=\"elementor-element elementor-element-259999a elementor-widget elementor-widget-spacer\" data-id=\"259999a\" data-element_type=\"widget\" data-e-type=\"widget\" data-widget_type=\"spacer.default\">\n\t\t\t\t<div class=\"elementor-widget-container\">\n\t\t\t\t\t\t\t<div class=\"elementor-spacer\">\n\t\t\t<div class=\"elementor-spacer-inner\"><\/div>\n\t\t<\/div>\n\t\t\t\t\t\t<\/div>\n\t\t\t\t<\/div>\n\t\t\t\t\t<\/div>\n\t\t<\/div>\n\t\t\t\t<div class=\"elementor-column elementor-col-33 elementor-top-column elementor-element elementor-element-0ff3fb9\" data-id=\"0ff3fb9\" data-element_type=\"column\" data-e-type=\"column\">\n\t\t\t<div class=\"elementor-widget-wrap\">\n\t\t\t\t\t\t\t<\/div>\n\t\t<\/div>\n\t\t\t\t<div class=\"elementor-column elementor-col-33 elementor-top-column elementor-element elementor-element-bf86ad2\" data-id=\"bf86ad2\" data-element_type=\"column\" data-e-type=\"column\">\n\t\t\t<div class=\"elementor-widget-wrap elementor-element-populated\">\n\t\t\t\t\t\t<div class=\"elementor-element elementor-element-ea9850b elementor-widget elementor-widget-spacer\" data-id=\"ea9850b\" data-element_type=\"widget\" data-e-type=\"widget\" data-widget_type=\"spacer.default\">\n\t\t\t\t<div class=\"elementor-widget-container\">\n\t\t\t\t\t\t\t<div class=\"elementor-spacer\">\n\t\t\t<div class=\"elementor-spacer-inner\"><\/div>\n\t\t<\/div>\n\t\t\t\t\t\t<\/div>\n\t\t\t\t<\/div>\n\t\t\t\t<div class=\"elementor-element elementor-element-afc753f elementor-widget elementor-widget-image\" data-id=\"afc753f\" data-element_type=\"widget\" data-e-type=\"widget\" data-widget_type=\"image.default\">\n\t\t\t\t<div class=\"elementor-widget-container\">\n\t\t\t\t\t\t\t\t\t\t\t\t\t\t\t\t<a href=\"https:\/\/euproject-links.eu\/\">\n\t\t\t\t\t\t\t<img decoding=\"async\" width=\"125\" height=\"68\" src=\"https:\/\/euproject-links.eu\/wp-content\/uploads\/2022\/05\/LINKS-LOGO-WHITE-1.png\" class=\"attachment-medium size-medium wp-image-2181\" alt=\"\" \/>\t\t\t\t\t\t\t\t<\/a>\n\t\t\t\t\t\t\t\t\t\t\t\t\t\t\t<\/div>\n\t\t\t\t<\/div>\n\t\t\t\t<div class=\"elementor-element elementor-element-7a43a07 elementor-widget elementor-widget-text-editor\" data-id=\"7a43a07\" data-element_type=\"widget\" data-e-type=\"widget\" data-widget_type=\"text-editor.default\">\n\t\t\t\t<div class=\"elementor-widget-container\">\n\t\t\t\t\t\t\t\t\t<a style=\"color: white;\" href=\"https:\/\/euproject-links.eu\/?page_id=2104\" target=\"_blank\" rel=\"noopener\">Terms of Use<\/a>\t\t\t\t\t\t\t\t<\/div>\n\t\t\t\t<\/div>\n\t\t\t\t<div class=\"elementor-element elementor-element-21233de elementor-shape-circle e-grid-align-right elementor-grid-0 elementor-widget elementor-widget-social-icons\" data-id=\"21233de\" data-element_type=\"widget\" data-e-type=\"widget\" data-widget_type=\"social-icons.default\">\n\t\t\t\t<div class=\"elementor-widget-container\">\n\t\t\t\t\t\t\t<div class=\"elementor-social-icons-wrapper elementor-grid\">\n\t\t\t\t\t\t\t<span class=\"elementor-grid-item\">\n\t\t\t\t\t<a class=\"elementor-icon elementor-social-icon elementor-social-icon-facebook elementor-animation-shrink elementor-repeater-item-47cc294\" href=\"https:\/\/www.facebook.com\/Links-114863827889581\" target=\"_blank\">\n\t\t\t\t\t\t<span class=\"elementor-screen-only\">Facebook<\/span>\n\t\t\t\t\t\t<i aria-hidden=\"true\" class=\"fab fa-facebook\"><\/i>\t\t\t\t\t<\/a>\n\t\t\t\t<\/span>\n\t\t\t\t\t<\/div>\n\t\t\t\t\t\t<\/div>\n\t\t\t\t<\/div>\n\t\t\t\t\t<\/div>\n\t\t<\/div>\n\t\t\t\t\t<\/div>\n\t\t<\/section>\n\t\t\t\t<section class=\"elementor-section elementor-top-section elementor-element elementor-element-e59efb1 elementor-section-boxed elementor-section-height-default elementor-section-height-default\" data-id=\"e59efb1\" data-element_type=\"section\" data-e-type=\"section\" data-settings=\"{&quot;background_background&quot;:&quot;classic&quot;}\">\n\t\t\t\t\t\t<div class=\"elementor-container elementor-column-gap-default\">\n\t\t\t\t\t<div class=\"elementor-column elementor-col-100 elementor-top-column elementor-element elementor-element-075ec0e\" data-id=\"075ec0e\" data-element_type=\"column\" data-e-type=\"column\">\n\t\t\t<div class=\"elementor-widget-wrap elementor-element-populated\">\n\t\t\t\t\t\t<div class=\"elementor-element elementor-element-f317822 elementor-widget-divider--view-line elementor-widget elementor-widget-divider\" data-id=\"f317822\" data-element_type=\"widget\" data-e-type=\"widget\" data-widget_type=\"divider.default\">\n\t\t\t\t<div class=\"elementor-widget-container\">\n\t\t\t\t\t\t\t<div class=\"elementor-divider\">\n\t\t\t<span class=\"elementor-divider-separator\">\n\t\t\t\t\t\t<\/span>\n\t\t<\/div>\n\t\t\t\t\t\t<\/div>\n\t\t\t\t<\/div>\n\t\t\t\t\t<\/div>\n\t\t<\/div>\n\t\t\t\t\t<\/div>\n\t\t<\/section>\n\t\t\t\t<section class=\"elementor-section elementor-top-section elementor-element elementor-element-f268d5c elementor-section-boxed elementor-section-height-default elementor-section-height-default\" data-id=\"f268d5c\" data-element_type=\"section\" data-e-type=\"section\" data-settings=\"{&quot;background_background&quot;:&quot;classic&quot;}\">\n\t\t\t\t\t\t<div class=\"elementor-container elementor-column-gap-default\">\n\t\t\t\t\t<div class=\"elementor-column elementor-col-33 elementor-top-column elementor-element elementor-element-6b419cf\" data-id=\"6b419cf\" data-element_type=\"column\" data-e-type=\"column\">\n\t\t\t<div class=\"elementor-widget-wrap elementor-element-populated\">\n\t\t\t\t\t\t<div class=\"elementor-element elementor-element-63c187f elementor-widget elementor-widget-text-editor\" data-id=\"63c187f\" data-element_type=\"widget\" data-e-type=\"widget\" data-widget_type=\"text-editor.default\">\n\t\t\t\t<div class=\"elementor-widget-container\">\n\t\t\t\t\t\t\t\t\t<p>Copyright \u00a9 2022 LINKS. All Rights Reserved<\/p>\t\t\t\t\t\t\t\t<\/div>\n\t\t\t\t<\/div>\n\t\t\t\t\t<\/div>\n\t\t<\/div>\n\t\t\t\t<div class=\"elementor-column elementor-col-33 elementor-top-column elementor-element elementor-element-1a18be2\" data-id=\"1a18be2\" data-element_type=\"column\" data-e-type=\"column\">\n\t\t\t<div class=\"elementor-widget-wrap\">\n\t\t\t\t\t\t\t<\/div>\n\t\t<\/div>\n\t\t\t\t<div class=\"elementor-column elementor-col-33 elementor-top-column elementor-element elementor-element-c2d3bf7\" data-id=\"c2d3bf7\" data-element_type=\"column\" data-e-type=\"column\">\n\t\t\t<div class=\"elementor-widget-wrap elementor-element-populated\">\n\t\t\t\t\t\t<div class=\"elementor-element elementor-element-f328005 elementor-widget elementor-widget-text-editor\" data-id=\"f328005\" data-element_type=\"widget\" data-e-type=\"widget\" data-widget_type=\"text-editor.default\">\n\t\t\t\t<div class=\"elementor-widget-container\">\n\t\t\t\t\t\t\t\t\t<span style=\"color: white; font-size: 16px; text-align: right;\">Powered by\u00a0<\/span><a style=\"color: white; background-color: black; font-size: 16px; text-align: right;\" href=\"https:\/\/innovationhive.eu\/\" target=\"_blank\" rel=\"noopener\">Innovation Hive<\/a>\t\t\t\t\t\t\t\t<\/div>\n\t\t\t\t<\/div>\n\t\t\t\t\t<\/div>\n\t\t<\/div>\n\t\t\t\t\t<\/div>\n\t\t<\/section>\n\t\t\t\t<\/div>\n\t\t","protected":false},"excerpt":{"rendered":"<p>Projektet Projektbeskrivelse Digital suver\u00e6nitet er et nyt koncept i den digitale \u00e6ra, der foresl\u00e5r, at parterne skal have suver\u00e6nitet over [&hellip;]<\/p>\n","protected":false},"author":1,"featured_media":0,"parent":0,"menu_order":0,"comment_status":"closed","ping_status":"closed","template":"page-templates\/template_page-builder.php","meta":{"_monsterinsights_skip_tracking":false,"_monsterinsights_sitenote_active":false,"_monsterinsights_sitenote_note":"","_monsterinsights_sitenote_category":0,"footnotes":""},"class_list":["post-2465","page","type-page","status-publish","hentry"],"aioseo_notices":[],"_links":{"self":[{"href":"https:\/\/euproject-links.eu\/index.php?rest_route=\/wp\/v2\/pages\/2465","targetHints":{"allow":["GET"]}}],"collection":[{"href":"https:\/\/euproject-links.eu\/index.php?rest_route=\/wp\/v2\/pages"}],"about":[{"href":"https:\/\/euproject-links.eu\/index.php?rest_route=\/wp\/v2\/types\/page"}],"author":[{"embeddable":true,"href":"https:\/\/euproject-links.eu\/index.php?rest_route=\/wp\/v2\/users\/1"}],"replies":[{"embeddable":true,"href":"https:\/\/euproject-links.eu\/index.php?rest_route=%2Fwp%2Fv2%2Fcomments&post=2465"}],"version-history":[{"count":7,"href":"https:\/\/euproject-links.eu\/index.php?rest_route=\/wp\/v2\/pages\/2465\/revisions"}],"predecessor-version":[{"id":2918,"href":"https:\/\/euproject-links.eu\/index.php?rest_route=\/wp\/v2\/pages\/2465\/revisions\/2918"}],"wp:attachment":[{"href":"https:\/\/euproject-links.eu\/index.php?rest_route=%2Fwp%2Fv2%2Fmedia&parent=2465"}],"curies":[{"name":"wp","href":"https:\/\/api.w.org\/{rel}","templated":true}]}}