{"id":2522,"date":"2023-02-22T09:17:44","date_gmt":"2023-02-22T09:17:44","guid":{"rendered":"https:\/\/euproject-links.eu\/?page_id=2522"},"modified":"2024-01-18T10:42:32","modified_gmt":"2024-01-18T10:42:32","slug":"projekt-2","status":"publish","type":"page","link":"https:\/\/euproject-links.eu\/?page_id=2522&lang=sl","title":{"rendered":"Projekt"},"content":{"rendered":"\t\t<div data-elementor-type=\"wp-page\" data-elementor-id=\"2522\" class=\"elementor elementor-2522\">\n\t\t\t\t\t\t<section class=\"elementor-section elementor-top-section elementor-element elementor-element-86b9a2f elementor-section-boxed elementor-section-height-default elementor-section-height-default\" data-id=\"86b9a2f\" data-element_type=\"section\" data-e-type=\"section\" data-settings=\"{&quot;background_background&quot;:&quot;classic&quot;,&quot;shape_divider_bottom&quot;:&quot;triangle&quot;,&quot;shape_divider_bottom_negative&quot;:&quot;yes&quot;}\">\n\t\t\t\t\t\t\t<div class=\"elementor-background-overlay\"><\/div>\n\t\t\t\t\t\t<div class=\"elementor-shape elementor-shape-bottom\" aria-hidden=\"true\" data-negative=\"true\">\n\t\t\t<svg xmlns=\"http:\/\/www.w3.org\/2000\/svg\" viewBox=\"0 0 1000 100\" preserveAspectRatio=\"none\">\n\t<path class=\"elementor-shape-fill\" d=\"M500.2,94.7L0,0v100h1000V0L500.2,94.7z\"\/>\n<\/svg>\t\t<\/div>\n\t\t\t\t\t<div class=\"elementor-container elementor-column-gap-default\">\n\t\t\t\t\t<div class=\"elementor-column elementor-col-100 elementor-top-column elementor-element elementor-element-892085b\" data-id=\"892085b\" data-element_type=\"column\" data-e-type=\"column\">\n\t\t\t<div class=\"elementor-widget-wrap elementor-element-populated\">\n\t\t\t\t\t\t<div class=\"elementor-element elementor-element-13e3ff7 elementor-widget elementor-widget-spacer\" data-id=\"13e3ff7\" data-element_type=\"widget\" data-e-type=\"widget\" data-widget_type=\"spacer.default\">\n\t\t\t\t<div class=\"elementor-widget-container\">\n\t\t\t\t\t\t\t<div class=\"elementor-spacer\">\n\t\t\t<div class=\"elementor-spacer-inner\"><\/div>\n\t\t<\/div>\n\t\t\t\t\t\t<\/div>\n\t\t\t\t<\/div>\n\t\t\t\t<div class=\"elementor-element elementor-element-3e051ff elementor-widget elementor-widget-heading\" data-id=\"3e051ff\" data-element_type=\"widget\" data-e-type=\"widget\" data-widget_type=\"heading.default\">\n\t\t\t\t<div class=\"elementor-widget-container\">\n\t\t\t\t\t<h2 class=\"elementor-heading-title elementor-size-default\">Projekt<\/h2>\t\t\t\t<\/div>\n\t\t\t\t<\/div>\n\t\t\t\t<div class=\"elementor-element elementor-element-8b66764 elementor-widget elementor-widget-spacer\" data-id=\"8b66764\" data-element_type=\"widget\" data-e-type=\"widget\" data-widget_type=\"spacer.default\">\n\t\t\t\t<div class=\"elementor-widget-container\">\n\t\t\t\t\t\t\t<div class=\"elementor-spacer\">\n\t\t\t<div class=\"elementor-spacer-inner\"><\/div>\n\t\t<\/div>\n\t\t\t\t\t\t<\/div>\n\t\t\t\t<\/div>\n\t\t\t\t\t<\/div>\n\t\t<\/div>\n\t\t\t\t\t<\/div>\n\t\t<\/section>\n\t\t\t\t<section class=\"elementor-section elementor-top-section elementor-element elementor-element-dc7108e elementor-section-boxed elementor-section-height-default elementor-section-height-default\" data-id=\"dc7108e\" data-element_type=\"section\" data-e-type=\"section\">\n\t\t\t\t\t\t<div class=\"elementor-container elementor-column-gap-default\">\n\t\t\t\t\t<div class=\"elementor-column elementor-col-100 elementor-top-column elementor-element elementor-element-904be40\" data-id=\"904be40\" data-element_type=\"column\" data-e-type=\"column\">\n\t\t\t<div class=\"elementor-widget-wrap elementor-element-populated\">\n\t\t\t\t\t\t<div class=\"elementor-element elementor-element-8bc2950 elementor-widget elementor-widget-spacer\" data-id=\"8bc2950\" data-element_type=\"widget\" data-e-type=\"widget\" data-widget_type=\"spacer.default\">\n\t\t\t\t<div class=\"elementor-widget-container\">\n\t\t\t\t\t\t\t<div class=\"elementor-spacer\">\n\t\t\t<div class=\"elementor-spacer-inner\"><\/div>\n\t\t<\/div>\n\t\t\t\t\t\t<\/div>\n\t\t\t\t<\/div>\n\t\t\t\t<div class=\"elementor-element elementor-element-61f66a6 elementor-widget elementor-widget-heading\" data-id=\"61f66a6\" data-element_type=\"widget\" data-e-type=\"widget\" data-widget_type=\"heading.default\">\n\t\t\t\t<div class=\"elementor-widget-container\">\n\t\t\t\t\t<h2 class=\"elementor-heading-title elementor-size-default\">Opis projekta<\/h2>\t\t\t\t<\/div>\n\t\t\t\t<\/div>\n\t\t\t\t<div class=\"elementor-element elementor-element-4ed6997 elementor-widget elementor-widget-spacer\" data-id=\"4ed6997\" data-element_type=\"widget\" data-e-type=\"widget\" data-widget_type=\"spacer.default\">\n\t\t\t\t<div class=\"elementor-widget-container\">\n\t\t\t\t\t\t\t<div class=\"elementor-spacer\">\n\t\t\t<div class=\"elementor-spacer-inner\"><\/div>\n\t\t<\/div>\n\t\t\t\t\t\t<\/div>\n\t\t\t\t<\/div>\n\t\t\t\t<section class=\"elementor-section elementor-inner-section elementor-element elementor-element-5e4ab25 elementor-section-boxed elementor-section-height-default elementor-section-height-default\" data-id=\"5e4ab25\" data-element_type=\"section\" data-e-type=\"section\">\n\t\t\t\t\t\t<div class=\"elementor-container elementor-column-gap-default\">\n\t\t\t\t\t<div class=\"elementor-column elementor-col-33 elementor-inner-column elementor-element elementor-element-a63966a\" data-id=\"a63966a\" data-element_type=\"column\" data-e-type=\"column\">\n\t\t\t<div class=\"elementor-widget-wrap elementor-element-populated\">\n\t\t\t\t\t\t<div class=\"elementor-element elementor-element-c59dd0a elementor-widget elementor-widget-text-editor\" data-id=\"c59dd0a\" data-element_type=\"widget\" data-e-type=\"widget\" data-widget_type=\"text-editor.default\">\n\t\t\t\t<div class=\"elementor-widget-container\">\n\t\t\t\t\t\t\t\t\t<p>Digitalna suverenost je nov koncept v digitalni dobi, ki predlaga, da bi morale imetiposamezniki suverenost nad lastnimi digitalnimi podatki. Na ravni posameznika digitalna suverenost ka\u017ee na sposobnost posameznikov, da si lastijo svoje osebne podatke in nadzorujejo njihovo uporabo. Osebni podatki so novo surovo premo\u017eenje, za katerega je bil vzpostavljen zapleten ekosistem za zbiranje, analizo in trgovanje z njegovo vrednostjo. Vendar pa podatkovno gospodarstvo skupaj s sedanjo digitalno preobrazbo spro\u017ea ve\u010d velikih pomislekov. Ko gre za mladinske delavce in njihove dejavnosti, vidiki digitalne suverenosti in varstva podatkov\/zasebnosti postanejo \u0161e pomembnej\u0161i. Mladinski delavci imajo zaradi narave svojega dela dostop do podatkov in\/ali obdelujejo podatke in ob\u010dutljive osebne informacije, kot so zdravstveni podatki, imena kontaktnih oseb za nujne primere, \u0161tevilke za zdravstveno administracijo itd.<\/p><p>Projekt LINKS bo neposredno in aktivno podpiral mladinske delavce pri razvijanju in krepitvi njihovih ve\u0161\u010din in kompetenc na podro\u010dju digitalne suverenosti in digitalne varnosti, kar ima dvojni namen:<br \/>1. Na individualni ravni bodo mladinski delavci izbolj\u0161ali in raz\u0161irili svoje znanje in razpolo\u017eljiva orodja, ki jim bodo pomagala nadzorovati in ocenjevati uporabo svojih in tujih osebnih digitalnih podatkov in zgodovine.<br \/>2. Na dru\u017ebeni ravni in z ve\u010djo digitalno suverenostjo mladinskih delavcev bodo digitalni podatki organizacij, nevladnih organizacij in razli\u010dnih skupin, ki jih te organizacije podpirajo (migranti, begunci, brezposelni mladi itd.), dobro dobro za\u0161\u010diteni in zagotovljeni pred zlorabo in\/ali kibernetskimi napadi.<\/p>\t\t\t\t\t\t\t\t<\/div>\n\t\t\t\t<\/div>\n\t\t\t\t\t<\/div>\n\t\t<\/div>\n\t\t\t\t<div class=\"elementor-column elementor-col-33 elementor-inner-column elementor-element elementor-element-29654d2\" data-id=\"29654d2\" data-element_type=\"column\" data-e-type=\"column\">\n\t\t\t<div class=\"elementor-widget-wrap\">\n\t\t\t\t\t\t\t<\/div>\n\t\t<\/div>\n\t\t\t\t<div class=\"elementor-column elementor-col-33 elementor-inner-column elementor-element elementor-element-19b185c\" data-id=\"19b185c\" data-element_type=\"column\" data-e-type=\"column\">\n\t\t\t<div class=\"elementor-widget-wrap elementor-element-populated\">\n\t\t\t\t\t\t<div class=\"elementor-element elementor-element-2e44196 elementor-widget elementor-widget-spacer\" data-id=\"2e44196\" data-element_type=\"widget\" data-e-type=\"widget\" data-widget_type=\"spacer.default\">\n\t\t\t\t<div class=\"elementor-widget-container\">\n\t\t\t\t\t\t\t<div class=\"elementor-spacer\">\n\t\t\t<div class=\"elementor-spacer-inner\"><\/div>\n\t\t<\/div>\n\t\t\t\t\t\t<\/div>\n\t\t\t\t<\/div>\n\t\t\t\t<div class=\"elementor-element elementor-element-8cc176d elementor-widget elementor-widget-image\" data-id=\"8cc176d\" data-element_type=\"widget\" data-e-type=\"widget\" data-widget_type=\"image.default\">\n\t\t\t\t<div class=\"elementor-widget-container\">\n\t\t\t\t\t\t\t\t\t\t\t\t\t\t\t<img fetchpriority=\"high\" decoding=\"async\" width=\"398\" height=\"482\" src=\"https:\/\/euproject-links.eu\/wp-content\/uploads\/2022\/05\/PRs-page.png\" class=\"attachment-large size-large wp-image-2204\" alt=\"\" srcset=\"https:\/\/euproject-links.eu\/wp-content\/uploads\/2022\/05\/PRs-page.png 398w, https:\/\/euproject-links.eu\/wp-content\/uploads\/2022\/05\/PRs-page-248x300.png 248w\" sizes=\"(max-width: 398px) 100vw, 398px\" \/>\t\t\t\t\t\t\t\t\t\t\t\t\t\t\t<\/div>\n\t\t\t\t<\/div>\n\t\t\t\t\t<\/div>\n\t\t<\/div>\n\t\t\t\t\t<\/div>\n\t\t<\/section>\n\t\t\t\t<div class=\"elementor-element elementor-element-cc374b6 elementor-widget elementor-widget-spacer\" data-id=\"cc374b6\" data-element_type=\"widget\" data-e-type=\"widget\" data-widget_type=\"spacer.default\">\n\t\t\t\t<div class=\"elementor-widget-container\">\n\t\t\t\t\t\t\t<div class=\"elementor-spacer\">\n\t\t\t<div class=\"elementor-spacer-inner\"><\/div>\n\t\t<\/div>\n\t\t\t\t\t\t<\/div>\n\t\t\t\t<\/div>\n\t\t\t\t\t<\/div>\n\t\t<\/div>\n\t\t\t\t\t<\/div>\n\t\t<\/section>\n\t\t\t\t<section class=\"elementor-section elementor-top-section elementor-element elementor-element-6649344 elementor-section-boxed elementor-section-height-default elementor-section-height-default\" data-id=\"6649344\" data-element_type=\"section\" data-e-type=\"section\" data-settings=\"{&quot;background_background&quot;:&quot;classic&quot;}\">\n\t\t\t\t\t\t\t<div class=\"elementor-background-overlay\"><\/div>\n\t\t\t\t\t\t\t<div class=\"elementor-container elementor-column-gap-default\">\n\t\t\t\t\t<div class=\"elementor-column elementor-col-100 elementor-top-column elementor-element elementor-element-f03140a\" data-id=\"f03140a\" data-element_type=\"column\" data-e-type=\"column\">\n\t\t\t<div class=\"elementor-widget-wrap elementor-element-populated\">\n\t\t\t\t\t\t<div class=\"elementor-element elementor-element-4148c2f elementor-widget elementor-widget-spacer\" data-id=\"4148c2f\" data-element_type=\"widget\" data-e-type=\"widget\" data-widget_type=\"spacer.default\">\n\t\t\t\t<div class=\"elementor-widget-container\">\n\t\t\t\t\t\t\t<div class=\"elementor-spacer\">\n\t\t\t<div class=\"elementor-spacer-inner\"><\/div>\n\t\t<\/div>\n\t\t\t\t\t\t<\/div>\n\t\t\t\t<\/div>\n\t\t\t\t<div class=\"elementor-element elementor-element-93ede5b elementor-widget elementor-widget-heading\" data-id=\"93ede5b\" data-element_type=\"widget\" data-e-type=\"widget\" data-widget_type=\"heading.default\">\n\t\t\t\t<div class=\"elementor-widget-container\">\n\t\t\t\t\t<h2 class=\"elementor-heading-title elementor-size-default\">U\u010dinek<\/h2>\t\t\t\t<\/div>\n\t\t\t\t<\/div>\n\t\t\t\t<div class=\"elementor-element elementor-element-9173bf5 elementor-widget elementor-widget-spacer\" data-id=\"9173bf5\" data-element_type=\"widget\" data-e-type=\"widget\" data-widget_type=\"spacer.default\">\n\t\t\t\t<div class=\"elementor-widget-container\">\n\t\t\t\t\t\t\t<div class=\"elementor-spacer\">\n\t\t\t<div class=\"elementor-spacer-inner\"><\/div>\n\t\t<\/div>\n\t\t\t\t\t\t<\/div>\n\t\t\t\t<\/div>\n\t\t\t\t<div class=\"elementor-element elementor-element-dc1b374 elementor-widget elementor-widget-text-editor\" data-id=\"dc1b374\" data-element_type=\"widget\" data-e-type=\"widget\" data-widget_type=\"text-editor.default\">\n\t\t\t\t<div class=\"elementor-widget-container\">\n\t\t\t\t\t\t\t\t\t<p>Ve\u010dja usposobljenost mladinskih delavcev za zagotavljanje varstva njihovih osebnih digitalnih podatkov in osebnih digitalnih podatkov drugih; -ve\u010dje samozavedanje in kriti\u010dno razmi\u0161ljanje v zvezi z uporabo digitalnih naprav in oblikami digitalne komunikacije; &#8211; razumevanje in zavedanje o u\u010dinkoviti uporabi ukrepov digitalne varnosti pri vsakodnevnem delu in v posebnih situacijah; &#8211; vodenje osebnega razvoja in transverzalne spretnosti; &#8211; osebno opolnomo\u010denje in neodvisnost; &#8211; samorefleksija in odgovornost za osebni in poklicni razvoj; &#8211; zanimanje za \u0161ir\u0161a vpra\u0161anja in skrbi v zvezi z digitalno varnostjo na nacionalni in evropski ravni; &#8211; ozave\u0161\u010denost in razumevanje digitalnih kompetenc; &#8211; razumevanje postopka re\u0161evanja problemov, ki ga je mogo\u010de uporabiti pri te\u017eavah in vpra\u0161anjih v zvezi z digitalno varnostjo; &#8211; poznavanje vzrokov, u\u010dinkov in posledic digitalne varnosti na lokalni, regionalni, nacionalni in evropski ravni; &#8211; Ve\u010dja skrb za vpra\u0161anja digitalne varnosti; &#8211; samozavest, da se lahko spoprimejo z morebitnimi gro\u017enjami digitalne varnosti in jih dejavno obravnavajo; &#8211; Dose\u017eki v vseh izobra\u017eevalnih modulih; &#8211; doseganje evropskih klju\u010dnih kompetenc.<\/p><ul><li>Ve\u010dja usposobljenost mladinskih delavcev za zagotavljanje varstva njihovih osebnih digitalnih podatkov in osebnih digitalnih podatkov drugih;<\/li><li>ve\u010dje samozavedanje in kriti\u010dno razmi\u0161ljanje v zvezi z uporabo digitalnih naprav in oblikami digitalne komunikacije;<\/li><li>razumevanje in zavedanje o u\u010dinkoviti uporabi ukrepov digitalne varnosti pri vsakodnevnem delu in v posebnih situacijah;<\/li><li>vodenje osebnega razvoja in transverzalne spretnosti;<\/li><li>osebno opolnomo\u010denje in neodvisnost;<\/li><li>samorefleksija in odgovornost za osebni in poklicni razvoj;<\/li><li>zanimanje za \u0161ir\u0161a vpra\u0161anja in skrbi v zvezi z digitalno varnostjo na nacionalni in evropski ravni;<\/li><li>ozave\u0161\u010denost in razumevanje digitalnih kompetenc;<\/li><li>razumevanje postopka re\u0161evanja problemov, ki ga je mogo\u010de uporabiti pri te\u017eavah in vpra\u0161anjih v zvezi z digitalno varnostjo;<\/li><li>poznavanje vzrokov, u\u010dinkov in posledic digitalne varnosti na lokalni, regionalni, nacionalni in evropski ravni;<\/li><li>Ve\u010dja skrb za vpra\u0161anja digitalne varnosti;<\/li><li>samozavest, da se lahko spoprimejo z morebitnimi gro\u017enjami digitalne varnosti in jih dejavno obravnavajo;<\/li><li>Dose\u017eki v vseh izobra\u017eevalnih modulih;<\/li><li>doseganje evropskih klju\u010dnih kompetenc.<\/li><\/ul>\t\t\t\t\t\t\t\t<\/div>\n\t\t\t\t<\/div>\n\t\t\t\t<div class=\"elementor-element elementor-element-18a0cdc elementor-widget elementor-widget-spacer\" data-id=\"18a0cdc\" data-element_type=\"widget\" data-e-type=\"widget\" data-widget_type=\"spacer.default\">\n\t\t\t\t<div class=\"elementor-widget-container\">\n\t\t\t\t\t\t\t<div class=\"elementor-spacer\">\n\t\t\t<div class=\"elementor-spacer-inner\"><\/div>\n\t\t<\/div>\n\t\t\t\t\t\t<\/div>\n\t\t\t\t<\/div>\n\t\t\t\t\t<\/div>\n\t\t<\/div>\n\t\t\t\t\t<\/div>\n\t\t<\/section>\n\t\t\t\t<section class=\"elementor-section elementor-top-section elementor-element elementor-element-75ceb75 elementor-section-boxed elementor-section-height-default elementor-section-height-default\" data-id=\"75ceb75\" data-element_type=\"section\" data-e-type=\"section\" data-settings=\"{&quot;background_background&quot;:&quot;classic&quot;}\">\n\t\t\t\t\t\t<div class=\"elementor-container elementor-column-gap-default\">\n\t\t\t\t\t<div class=\"elementor-column elementor-col-33 elementor-top-column elementor-element elementor-element-27c7c46\" data-id=\"27c7c46\" data-element_type=\"column\" data-e-type=\"column\">\n\t\t\t<div class=\"elementor-widget-wrap elementor-element-populated\">\n\t\t\t\t\t\t<div class=\"elementor-element elementor-element-0ced74b elementor-widget elementor-widget-spacer\" data-id=\"0ced74b\" data-element_type=\"widget\" data-e-type=\"widget\" data-widget_type=\"spacer.default\">\n\t\t\t\t<div class=\"elementor-widget-container\">\n\t\t\t\t\t\t\t<div class=\"elementor-spacer\">\n\t\t\t<div class=\"elementor-spacer-inner\"><\/div>\n\t\t<\/div>\n\t\t\t\t\t\t<\/div>\n\t\t\t\t<\/div>\n\t\t\t\t<div class=\"elementor-element elementor-element-10a3867 elementor-widget elementor-widget-image\" data-id=\"10a3867\" data-element_type=\"widget\" data-e-type=\"widget\" data-widget_type=\"image.default\">\n\t\t\t\t<div class=\"elementor-widget-container\">\n\t\t\t\t\t\t\t\t\t\t\t\t\t\t\t<img decoding=\"async\" width=\"300\" height=\"61\" src=\"https:\/\/euproject-links.eu\/wp-content\/uploads\/2022\/05\/EN_Co-funded_by_the_EU_PANTONE__1_-removebg-preview-e1653553317677-300x61.png\" class=\"attachment-medium size-medium wp-image-2139\" alt=\"\" srcset=\"https:\/\/euproject-links.eu\/wp-content\/uploads\/2022\/05\/EN_Co-funded_by_the_EU_PANTONE__1_-removebg-preview-e1653553317677-300x61.png 300w, https:\/\/euproject-links.eu\/wp-content\/uploads\/2022\/05\/EN_Co-funded_by_the_EU_PANTONE__1_-removebg-preview-e1653553317677-768x156.png 768w, https:\/\/euproject-links.eu\/wp-content\/uploads\/2022\/05\/EN_Co-funded_by_the_EU_PANTONE__1_-removebg-preview-e1653553317677-720x146.png 720w, https:\/\/euproject-links.eu\/wp-content\/uploads\/2022\/05\/EN_Co-funded_by_the_EU_PANTONE__1_-removebg-preview-e1653553317677.png 1006w\" sizes=\"(max-width: 300px) 100vw, 300px\" \/>\t\t\t\t\t\t\t\t\t\t\t\t\t\t\t<\/div>\n\t\t\t\t<\/div>\n\t\t\t\t<div class=\"elementor-element elementor-element-a8b0237 elementor-widget elementor-widget-text-editor\" data-id=\"a8b0237\" data-element_type=\"widget\" data-e-type=\"widget\" data-widget_type=\"text-editor.default\">\n\t\t\t\t<div class=\"elementor-widget-container\">\n\t\t\t\t\t\t\t\t\t<p>Financirano s strani Evropske unije. Izra\u017eena stali\u0161\u010da in mnenja so zgolj stali\u0161\u010da in mnenja avtorja(-ev) in ni nujno, da odra\u017eajo stali\u0161\u010da in mnenja Evropske unije ali Evropske izvajalske agencije za izobra\u017eevanje in kulturo (EACEA). Zanje ne moreta biti odgovorna niti Evropska unija niti EACEA. 2021-2-DK01-KA220-YOU-000050308<\/p>\t\t\t\t\t\t\t\t<\/div>\n\t\t\t\t<\/div>\n\t\t\t\t<div class=\"elementor-element elementor-element-259999a elementor-widget elementor-widget-spacer\" data-id=\"259999a\" data-element_type=\"widget\" data-e-type=\"widget\" data-widget_type=\"spacer.default\">\n\t\t\t\t<div class=\"elementor-widget-container\">\n\t\t\t\t\t\t\t<div class=\"elementor-spacer\">\n\t\t\t<div class=\"elementor-spacer-inner\"><\/div>\n\t\t<\/div>\n\t\t\t\t\t\t<\/div>\n\t\t\t\t<\/div>\n\t\t\t\t\t<\/div>\n\t\t<\/div>\n\t\t\t\t<div class=\"elementor-column elementor-col-33 elementor-top-column elementor-element elementor-element-0ff3fb9\" data-id=\"0ff3fb9\" data-element_type=\"column\" data-e-type=\"column\">\n\t\t\t<div class=\"elementor-widget-wrap\">\n\t\t\t\t\t\t\t<\/div>\n\t\t<\/div>\n\t\t\t\t<div class=\"elementor-column elementor-col-33 elementor-top-column elementor-element elementor-element-bf86ad2\" data-id=\"bf86ad2\" data-element_type=\"column\" data-e-type=\"column\">\n\t\t\t<div class=\"elementor-widget-wrap elementor-element-populated\">\n\t\t\t\t\t\t<div class=\"elementor-element elementor-element-ea9850b elementor-widget elementor-widget-spacer\" data-id=\"ea9850b\" data-element_type=\"widget\" data-e-type=\"widget\" data-widget_type=\"spacer.default\">\n\t\t\t\t<div class=\"elementor-widget-container\">\n\t\t\t\t\t\t\t<div class=\"elementor-spacer\">\n\t\t\t<div class=\"elementor-spacer-inner\"><\/div>\n\t\t<\/div>\n\t\t\t\t\t\t<\/div>\n\t\t\t\t<\/div>\n\t\t\t\t<div class=\"elementor-element elementor-element-afc753f elementor-widget elementor-widget-image\" data-id=\"afc753f\" data-element_type=\"widget\" data-e-type=\"widget\" data-widget_type=\"image.default\">\n\t\t\t\t<div class=\"elementor-widget-container\">\n\t\t\t\t\t\t\t\t\t\t\t\t\t\t\t\t<a href=\"https:\/\/euproject-links.eu\/\">\n\t\t\t\t\t\t\t<img decoding=\"async\" width=\"125\" height=\"68\" src=\"https:\/\/euproject-links.eu\/wp-content\/uploads\/2022\/05\/LINKS-LOGO-WHITE-1.png\" class=\"attachment-medium size-medium wp-image-2181\" alt=\"\" \/>\t\t\t\t\t\t\t\t<\/a>\n\t\t\t\t\t\t\t\t\t\t\t\t\t\t\t<\/div>\n\t\t\t\t<\/div>\n\t\t\t\t<div class=\"elementor-element elementor-element-7a43a07 elementor-widget elementor-widget-text-editor\" data-id=\"7a43a07\" data-element_type=\"widget\" data-e-type=\"widget\" data-widget_type=\"text-editor.default\">\n\t\t\t\t<div class=\"elementor-widget-container\">\n\t\t\t\t\t\t\t\t\t<a style=\"color: white;\" href=\"https:\/\/euproject-links.eu\/?page_id=2104\" target=\"_blank\" rel=\"noopener\">Terms of Use<\/a>\t\t\t\t\t\t\t\t<\/div>\n\t\t\t\t<\/div>\n\t\t\t\t<div class=\"elementor-element elementor-element-21233de elementor-shape-circle e-grid-align-right elementor-grid-0 elementor-widget elementor-widget-social-icons\" data-id=\"21233de\" data-element_type=\"widget\" data-e-type=\"widget\" data-widget_type=\"social-icons.default\">\n\t\t\t\t<div class=\"elementor-widget-container\">\n\t\t\t\t\t\t\t<div class=\"elementor-social-icons-wrapper elementor-grid\">\n\t\t\t\t\t\t\t<span class=\"elementor-grid-item\">\n\t\t\t\t\t<a class=\"elementor-icon elementor-social-icon elementor-social-icon-facebook elementor-animation-shrink elementor-repeater-item-47cc294\" href=\"https:\/\/www.facebook.com\/Links-114863827889581\" target=\"_blank\">\n\t\t\t\t\t\t<span class=\"elementor-screen-only\">Facebook<\/span>\n\t\t\t\t\t\t<i aria-hidden=\"true\" class=\"fab fa-facebook\"><\/i>\t\t\t\t\t<\/a>\n\t\t\t\t<\/span>\n\t\t\t\t\t<\/div>\n\t\t\t\t\t\t<\/div>\n\t\t\t\t<\/div>\n\t\t\t\t\t<\/div>\n\t\t<\/div>\n\t\t\t\t\t<\/div>\n\t\t<\/section>\n\t\t\t\t<section class=\"elementor-section elementor-top-section elementor-element elementor-element-e59efb1 elementor-section-boxed elementor-section-height-default elementor-section-height-default\" data-id=\"e59efb1\" data-element_type=\"section\" data-e-type=\"section\" data-settings=\"{&quot;background_background&quot;:&quot;classic&quot;}\">\n\t\t\t\t\t\t<div class=\"elementor-container elementor-column-gap-default\">\n\t\t\t\t\t<div class=\"elementor-column elementor-col-100 elementor-top-column elementor-element elementor-element-075ec0e\" data-id=\"075ec0e\" data-element_type=\"column\" data-e-type=\"column\">\n\t\t\t<div class=\"elementor-widget-wrap elementor-element-populated\">\n\t\t\t\t\t\t<div class=\"elementor-element elementor-element-f317822 elementor-widget-divider--view-line elementor-widget elementor-widget-divider\" data-id=\"f317822\" data-element_type=\"widget\" data-e-type=\"widget\" data-widget_type=\"divider.default\">\n\t\t\t\t<div class=\"elementor-widget-container\">\n\t\t\t\t\t\t\t<div class=\"elementor-divider\">\n\t\t\t<span class=\"elementor-divider-separator\">\n\t\t\t\t\t\t<\/span>\n\t\t<\/div>\n\t\t\t\t\t\t<\/div>\n\t\t\t\t<\/div>\n\t\t\t\t\t<\/div>\n\t\t<\/div>\n\t\t\t\t\t<\/div>\n\t\t<\/section>\n\t\t\t\t<section class=\"elementor-section elementor-top-section elementor-element elementor-element-f268d5c elementor-section-boxed elementor-section-height-default elementor-section-height-default\" data-id=\"f268d5c\" data-element_type=\"section\" data-e-type=\"section\" data-settings=\"{&quot;background_background&quot;:&quot;classic&quot;}\">\n\t\t\t\t\t\t<div class=\"elementor-container elementor-column-gap-default\">\n\t\t\t\t\t<div class=\"elementor-column elementor-col-33 elementor-top-column elementor-element elementor-element-6b419cf\" data-id=\"6b419cf\" data-element_type=\"column\" data-e-type=\"column\">\n\t\t\t<div class=\"elementor-widget-wrap elementor-element-populated\">\n\t\t\t\t\t\t<div class=\"elementor-element elementor-element-63c187f elementor-widget elementor-widget-text-editor\" data-id=\"63c187f\" data-element_type=\"widget\" data-e-type=\"widget\" data-widget_type=\"text-editor.default\">\n\t\t\t\t<div class=\"elementor-widget-container\">\n\t\t\t\t\t\t\t\t\t<p>Copyright \u00a9 2022 LINKS. All Rights Reserved<\/p>\t\t\t\t\t\t\t\t<\/div>\n\t\t\t\t<\/div>\n\t\t\t\t\t<\/div>\n\t\t<\/div>\n\t\t\t\t<div class=\"elementor-column elementor-col-33 elementor-top-column elementor-element elementor-element-1a18be2\" data-id=\"1a18be2\" data-element_type=\"column\" data-e-type=\"column\">\n\t\t\t<div class=\"elementor-widget-wrap\">\n\t\t\t\t\t\t\t<\/div>\n\t\t<\/div>\n\t\t\t\t<div class=\"elementor-column elementor-col-33 elementor-top-column elementor-element elementor-element-c2d3bf7\" data-id=\"c2d3bf7\" data-element_type=\"column\" data-e-type=\"column\">\n\t\t\t<div class=\"elementor-widget-wrap elementor-element-populated\">\n\t\t\t\t\t\t<div class=\"elementor-element elementor-element-f328005 elementor-widget elementor-widget-text-editor\" data-id=\"f328005\" data-element_type=\"widget\" data-e-type=\"widget\" data-widget_type=\"text-editor.default\">\n\t\t\t\t<div class=\"elementor-widget-container\">\n\t\t\t\t\t\t\t\t\t<span style=\"color: white; font-size: 16px; text-align: right;\">Powered by\u00a0<\/span><a style=\"color: white; background-color: black; font-size: 16px; text-align: right;\" href=\"https:\/\/innovationhive.eu\/\" target=\"_blank\" rel=\"noopener\">Innovation Hive<\/a>\t\t\t\t\t\t\t\t<\/div>\n\t\t\t\t<\/div>\n\t\t\t\t\t<\/div>\n\t\t<\/div>\n\t\t\t\t\t<\/div>\n\t\t<\/section>\n\t\t\t\t<\/div>\n\t\t","protected":false},"excerpt":{"rendered":"<p>Projekt Opis projekta Digitalna suverenost je nov koncept v digitalni dobi, ki predlaga, da bi morale imetiposamezniki suverenost nad lastnimi [&hellip;]<\/p>\n","protected":false},"author":1,"featured_media":0,"parent":0,"menu_order":0,"comment_status":"closed","ping_status":"closed","template":"page-templates\/template_page-builder.php","meta":{"_monsterinsights_skip_tracking":false,"_monsterinsights_sitenote_active":false,"_monsterinsights_sitenote_note":"","_monsterinsights_sitenote_category":0,"footnotes":""},"class_list":["post-2522","page","type-page","status-publish","hentry"],"aioseo_notices":[],"_links":{"self":[{"href":"https:\/\/euproject-links.eu\/index.php?rest_route=\/wp\/v2\/pages\/2522","targetHints":{"allow":["GET"]}}],"collection":[{"href":"https:\/\/euproject-links.eu\/index.php?rest_route=\/wp\/v2\/pages"}],"about":[{"href":"https:\/\/euproject-links.eu\/index.php?rest_route=\/wp\/v2\/types\/page"}],"author":[{"embeddable":true,"href":"https:\/\/euproject-links.eu\/index.php?rest_route=\/wp\/v2\/users\/1"}],"replies":[{"embeddable":true,"href":"https:\/\/euproject-links.eu\/index.php?rest_route=%2Fwp%2Fv2%2Fcomments&post=2522"}],"version-history":[{"count":7,"href":"https:\/\/euproject-links.eu\/index.php?rest_route=\/wp\/v2\/pages\/2522\/revisions"}],"predecessor-version":[{"id":2939,"href":"https:\/\/euproject-links.eu\/index.php?rest_route=\/wp\/v2\/pages\/2522\/revisions\/2939"}],"wp:attachment":[{"href":"https:\/\/euproject-links.eu\/index.php?rest_route=%2Fwp%2Fv2%2Fmedia&parent=2522"}],"curies":[{"name":"wp","href":"https:\/\/api.w.org\/{rel}","templated":true}]}}