{"id":2692,"date":"2023-02-22T11:55:03","date_gmt":"2023-02-22T11:55:03","guid":{"rendered":"https:\/\/euproject-links.eu\/?page_id=2692"},"modified":"2024-01-18T10:49:27","modified_gmt":"2024-01-18T10:49:27","slug":"projekt-3","status":"publish","type":"page","link":"https:\/\/euproject-links.eu\/?page_id=2692&lang=et","title":{"rendered":"Projekt"},"content":{"rendered":"\t\t<div data-elementor-type=\"wp-page\" data-elementor-id=\"2692\" class=\"elementor elementor-2692\">\n\t\t\t\t\t\t<section class=\"elementor-section elementor-top-section elementor-element elementor-element-86b9a2f elementor-section-boxed elementor-section-height-default elementor-section-height-default\" data-id=\"86b9a2f\" data-element_type=\"section\" data-e-type=\"section\" data-settings=\"{&quot;background_background&quot;:&quot;classic&quot;,&quot;shape_divider_bottom&quot;:&quot;triangle&quot;,&quot;shape_divider_bottom_negative&quot;:&quot;yes&quot;}\">\n\t\t\t\t\t\t\t<div class=\"elementor-background-overlay\"><\/div>\n\t\t\t\t\t\t<div class=\"elementor-shape elementor-shape-bottom\" aria-hidden=\"true\" data-negative=\"true\">\n\t\t\t<svg xmlns=\"http:\/\/www.w3.org\/2000\/svg\" viewBox=\"0 0 1000 100\" preserveAspectRatio=\"none\">\n\t<path class=\"elementor-shape-fill\" d=\"M500.2,94.7L0,0v100h1000V0L500.2,94.7z\"\/>\n<\/svg>\t\t<\/div>\n\t\t\t\t\t<div class=\"elementor-container elementor-column-gap-default\">\n\t\t\t\t\t<div class=\"elementor-column elementor-col-100 elementor-top-column elementor-element elementor-element-892085b\" data-id=\"892085b\" data-element_type=\"column\" data-e-type=\"column\">\n\t\t\t<div class=\"elementor-widget-wrap elementor-element-populated\">\n\t\t\t\t\t\t<div class=\"elementor-element elementor-element-13e3ff7 elementor-widget elementor-widget-spacer\" data-id=\"13e3ff7\" data-element_type=\"widget\" data-e-type=\"widget\" data-widget_type=\"spacer.default\">\n\t\t\t\t<div class=\"elementor-widget-container\">\n\t\t\t\t\t\t\t<div class=\"elementor-spacer\">\n\t\t\t<div class=\"elementor-spacer-inner\"><\/div>\n\t\t<\/div>\n\t\t\t\t\t\t<\/div>\n\t\t\t\t<\/div>\n\t\t\t\t<div class=\"elementor-element elementor-element-3e051ff elementor-widget elementor-widget-heading\" data-id=\"3e051ff\" data-element_type=\"widget\" data-e-type=\"widget\" data-widget_type=\"heading.default\">\n\t\t\t\t<div class=\"elementor-widget-container\">\n\t\t\t\t\t<h2 class=\"elementor-heading-title elementor-size-default\">Projekt<\/h2>\t\t\t\t<\/div>\n\t\t\t\t<\/div>\n\t\t\t\t<div class=\"elementor-element elementor-element-8b66764 elementor-widget elementor-widget-spacer\" data-id=\"8b66764\" data-element_type=\"widget\" data-e-type=\"widget\" data-widget_type=\"spacer.default\">\n\t\t\t\t<div class=\"elementor-widget-container\">\n\t\t\t\t\t\t\t<div class=\"elementor-spacer\">\n\t\t\t<div class=\"elementor-spacer-inner\"><\/div>\n\t\t<\/div>\n\t\t\t\t\t\t<\/div>\n\t\t\t\t<\/div>\n\t\t\t\t\t<\/div>\n\t\t<\/div>\n\t\t\t\t\t<\/div>\n\t\t<\/section>\n\t\t\t\t<section class=\"elementor-section elementor-top-section elementor-element elementor-element-dc7108e elementor-section-boxed elementor-section-height-default elementor-section-height-default\" data-id=\"dc7108e\" data-element_type=\"section\" data-e-type=\"section\">\n\t\t\t\t\t\t<div class=\"elementor-container elementor-column-gap-default\">\n\t\t\t\t\t<div class=\"elementor-column elementor-col-100 elementor-top-column elementor-element elementor-element-904be40\" data-id=\"904be40\" data-element_type=\"column\" data-e-type=\"column\">\n\t\t\t<div class=\"elementor-widget-wrap elementor-element-populated\">\n\t\t\t\t\t\t<div class=\"elementor-element elementor-element-8bc2950 elementor-widget elementor-widget-spacer\" data-id=\"8bc2950\" data-element_type=\"widget\" data-e-type=\"widget\" data-widget_type=\"spacer.default\">\n\t\t\t\t<div class=\"elementor-widget-container\">\n\t\t\t\t\t\t\t<div class=\"elementor-spacer\">\n\t\t\t<div class=\"elementor-spacer-inner\"><\/div>\n\t\t<\/div>\n\t\t\t\t\t\t<\/div>\n\t\t\t\t<\/div>\n\t\t\t\t<div class=\"elementor-element elementor-element-61f66a6 elementor-widget elementor-widget-heading\" data-id=\"61f66a6\" data-element_type=\"widget\" data-e-type=\"widget\" data-widget_type=\"heading.default\">\n\t\t\t\t<div class=\"elementor-widget-container\">\n\t\t\t\t\t<h2 class=\"elementor-heading-title elementor-size-default\">Projekti kirjeldus<\/h2>\t\t\t\t<\/div>\n\t\t\t\t<\/div>\n\t\t\t\t<div class=\"elementor-element elementor-element-4ed6997 elementor-widget elementor-widget-spacer\" data-id=\"4ed6997\" data-element_type=\"widget\" data-e-type=\"widget\" data-widget_type=\"spacer.default\">\n\t\t\t\t<div class=\"elementor-widget-container\">\n\t\t\t\t\t\t\t<div class=\"elementor-spacer\">\n\t\t\t<div class=\"elementor-spacer-inner\"><\/div>\n\t\t<\/div>\n\t\t\t\t\t\t<\/div>\n\t\t\t\t<\/div>\n\t\t\t\t<section class=\"elementor-section elementor-inner-section elementor-element elementor-element-5e4ab25 elementor-section-boxed elementor-section-height-default elementor-section-height-default\" data-id=\"5e4ab25\" data-element_type=\"section\" data-e-type=\"section\">\n\t\t\t\t\t\t<div class=\"elementor-container elementor-column-gap-default\">\n\t\t\t\t\t<div class=\"elementor-column elementor-col-33 elementor-inner-column elementor-element elementor-element-a63966a\" data-id=\"a63966a\" data-element_type=\"column\" data-e-type=\"column\">\n\t\t\t<div class=\"elementor-widget-wrap elementor-element-populated\">\n\t\t\t\t\t\t<div class=\"elementor-element elementor-element-c59dd0a elementor-widget elementor-widget-text-editor\" data-id=\"c59dd0a\" data-element_type=\"widget\" data-e-type=\"widget\" data-widget_type=\"text-editor.default\">\n\t\t\t\t<div class=\"elementor-widget-container\">\n\t\t\t\t\t\t\t\t\t<p>Digitaalne suver\u00e4\u00e4nsus on digiajastul uus kontseptsioon, mis viitab sellele, et osapooltel peaks olema suver\u00e4\u00e4nsus oma digitaalsete andmete \u00fcle. \u00dcksikisiku tasandil n\u00e4itab digitaalne suver\u00e4\u00e4nsus \u00fcksikisikute v\u00f5imet omada oma isikuandmeid ja kontrollida nende kasutamist. Isikuandmed on uus toorvara, mille v\u00e4\u00e4rtuse kogumiseks, anal\u00fc\u00fcsimiseks ja kauplemiseks on loodud keerukas \u00f6kos\u00fcsteem. Andmemajandus koos k\u00e4imasoleva digitaalse \u00fcmberkujundamisega tekitab aga mitmeid olulisi probleeme. Kui r\u00e4\u00e4kida noorsoot\u00f6\u00f6tajatest ja nende tegevusest, muutuvad digitaalse suver\u00e4\u00e4nsuse ja andme-\/privaatsuse kaitse aspektid veelgi olulisemaks. Oma t\u00f6\u00f6 iseloomust tulenevalt on noorsoot\u00f6\u00f6tajatel juurdep\u00e4\u00e4s andmetele ja tundlikule isikuandmetele, nagu meditsiinilised andmed, h\u00e4daabi kontaktide nimed, tervishoiuasutuste numbrid jne, ja\/v\u00f5i neid t\u00f6\u00f6deldakse.<\/p><p>Projekt LINKS toetab otseselt ja aktiivselt noorsoot\u00f6\u00f6tajate arendamist ja t\u00e4iustamist digitaalse suver\u00e4\u00e4nsuse ja digitaalse turvalisuse oskused ja p\u00e4devused, millel on kaks eesm\u00e4rki:<br \/>1. \u00dcksikisiku tasandil t\u00e4iustavad ja t\u00e4iustavad noorsoot\u00f6\u00f6tajad oma teadmisi ja olemasolevaid t\u00f6\u00f6riistu, mis aitavad neil kontrollida ja hinnata enda ja teiste isiklike digitaalsete andmete ja ajaloo kasutamist.<br \/>2. \u00dchiskondlikul tasandil ja noorsoot\u00f6\u00f6tajate digitaalse suver\u00e4\u00e4nsuse suurenemise kaudu on organisatsioonide, vaba\u00fchenduste ja nende organisatsioonide toetatavate erinevate r\u00fchmade (migrandid, pagulased, t\u00f6\u00f6tud noored jne) digitaalsed andmed h\u00e4sti korras. kaitstud ja tagatud v\u00e4\u00e4rkasutuse ja\/v\u00f5i k\u00fcberr\u00fcnnakute eest.<\/p>\t\t\t\t\t\t\t\t<\/div>\n\t\t\t\t<\/div>\n\t\t\t\t\t<\/div>\n\t\t<\/div>\n\t\t\t\t<div class=\"elementor-column elementor-col-33 elementor-inner-column elementor-element elementor-element-29654d2\" data-id=\"29654d2\" data-element_type=\"column\" data-e-type=\"column\">\n\t\t\t<div class=\"elementor-widget-wrap\">\n\t\t\t\t\t\t\t<\/div>\n\t\t<\/div>\n\t\t\t\t<div class=\"elementor-column elementor-col-33 elementor-inner-column elementor-element elementor-element-19b185c\" data-id=\"19b185c\" data-element_type=\"column\" data-e-type=\"column\">\n\t\t\t<div class=\"elementor-widget-wrap elementor-element-populated\">\n\t\t\t\t\t\t<div class=\"elementor-element elementor-element-2e44196 elementor-widget elementor-widget-spacer\" data-id=\"2e44196\" data-element_type=\"widget\" data-e-type=\"widget\" data-widget_type=\"spacer.default\">\n\t\t\t\t<div class=\"elementor-widget-container\">\n\t\t\t\t\t\t\t<div class=\"elementor-spacer\">\n\t\t\t<div class=\"elementor-spacer-inner\"><\/div>\n\t\t<\/div>\n\t\t\t\t\t\t<\/div>\n\t\t\t\t<\/div>\n\t\t\t\t<div class=\"elementor-element elementor-element-8cc176d elementor-widget elementor-widget-image\" data-id=\"8cc176d\" data-element_type=\"widget\" data-e-type=\"widget\" data-widget_type=\"image.default\">\n\t\t\t\t<div class=\"elementor-widget-container\">\n\t\t\t\t\t\t\t\t\t\t\t\t\t\t\t<img fetchpriority=\"high\" decoding=\"async\" width=\"398\" height=\"482\" src=\"https:\/\/euproject-links.eu\/wp-content\/uploads\/2022\/05\/PRs-page.png\" class=\"attachment-large size-large wp-image-2204\" alt=\"\" srcset=\"https:\/\/euproject-links.eu\/wp-content\/uploads\/2022\/05\/PRs-page.png 398w, https:\/\/euproject-links.eu\/wp-content\/uploads\/2022\/05\/PRs-page-248x300.png 248w\" sizes=\"(max-width: 398px) 100vw, 398px\" \/>\t\t\t\t\t\t\t\t\t\t\t\t\t\t\t<\/div>\n\t\t\t\t<\/div>\n\t\t\t\t\t<\/div>\n\t\t<\/div>\n\t\t\t\t\t<\/div>\n\t\t<\/section>\n\t\t\t\t<div class=\"elementor-element elementor-element-cc374b6 elementor-widget elementor-widget-spacer\" data-id=\"cc374b6\" data-element_type=\"widget\" data-e-type=\"widget\" data-widget_type=\"spacer.default\">\n\t\t\t\t<div class=\"elementor-widget-container\">\n\t\t\t\t\t\t\t<div class=\"elementor-spacer\">\n\t\t\t<div class=\"elementor-spacer-inner\"><\/div>\n\t\t<\/div>\n\t\t\t\t\t\t<\/div>\n\t\t\t\t<\/div>\n\t\t\t\t\t<\/div>\n\t\t<\/div>\n\t\t\t\t\t<\/div>\n\t\t<\/section>\n\t\t\t\t<section class=\"elementor-section elementor-top-section elementor-element elementor-element-6649344 elementor-section-boxed elementor-section-height-default elementor-section-height-default\" data-id=\"6649344\" data-element_type=\"section\" data-e-type=\"section\" data-settings=\"{&quot;background_background&quot;:&quot;classic&quot;}\">\n\t\t\t\t\t\t\t<div class=\"elementor-background-overlay\"><\/div>\n\t\t\t\t\t\t\t<div class=\"elementor-container elementor-column-gap-default\">\n\t\t\t\t\t<div class=\"elementor-column elementor-col-100 elementor-top-column elementor-element elementor-element-f03140a\" data-id=\"f03140a\" data-element_type=\"column\" data-e-type=\"column\">\n\t\t\t<div class=\"elementor-widget-wrap elementor-element-populated\">\n\t\t\t\t\t\t<div class=\"elementor-element elementor-element-4148c2f elementor-widget elementor-widget-spacer\" data-id=\"4148c2f\" data-element_type=\"widget\" data-e-type=\"widget\" data-widget_type=\"spacer.default\">\n\t\t\t\t<div class=\"elementor-widget-container\">\n\t\t\t\t\t\t\t<div class=\"elementor-spacer\">\n\t\t\t<div class=\"elementor-spacer-inner\"><\/div>\n\t\t<\/div>\n\t\t\t\t\t\t<\/div>\n\t\t\t\t<\/div>\n\t\t\t\t<div class=\"elementor-element elementor-element-93ede5b elementor-widget elementor-widget-heading\" data-id=\"93ede5b\" data-element_type=\"widget\" data-e-type=\"widget\" data-widget_type=\"heading.default\">\n\t\t\t\t<div class=\"elementor-widget-container\">\n\t\t\t\t\t<h2 class=\"elementor-heading-title elementor-size-default\">M\u00f5ju<\/h2>\t\t\t\t<\/div>\n\t\t\t\t<\/div>\n\t\t\t\t<div class=\"elementor-element elementor-element-9173bf5 elementor-widget elementor-widget-spacer\" data-id=\"9173bf5\" data-element_type=\"widget\" data-e-type=\"widget\" data-widget_type=\"spacer.default\">\n\t\t\t\t<div class=\"elementor-widget-container\">\n\t\t\t\t\t\t\t<div class=\"elementor-spacer\">\n\t\t\t<div class=\"elementor-spacer-inner\"><\/div>\n\t\t<\/div>\n\t\t\t\t\t\t<\/div>\n\t\t\t\t<\/div>\n\t\t\t\t<div class=\"elementor-element elementor-element-dc1b374 elementor-widget elementor-widget-text-editor\" data-id=\"dc1b374\" data-element_type=\"widget\" data-e-type=\"widget\" data-widget_type=\"text-editor.default\">\n\t\t\t\t<div class=\"elementor-widget-container\">\n\t\t\t\t\t\t\t\t\t<p>Arvestades digitaaloskuste ja -p\u00e4devuste suunda ja eesm\u00e4rki ELi praeguses poliitilises dialoogis, on Ursula von der Leyen teinud oma meeskonna mandaadi \u00fcheks peamiseks \u00fclesandeks &#8220;muuta Euroopa digiajastu jaoks sobivaks&#8221;. Projekt LINKS on sellega koosk\u00f5las, sest projekti v\u00e4ljundid on kavandatud selleks, et pakkuda \u00fclekantavat toetust, suuniseid ja teavet selle kohta, kuidas projekti LINKS tulemusi saab laiendada ja korrata teistes Euroopa piirkondades. LINKSi projekt tugineb Digcompi digitaalse p\u00e4devuse raamistikule, mis ei h\u00f5lma selges\u00f5naliselt turvalisust agressiivsete r\u00fcnnakute, r\u00e4mpsposti ja pettustrikkide eest, mida kasutatakse inimeste andmete ja teabe varastamiseks internetis, pakkudes uut p\u00e4devusraamistikku \u00fcksikisikute digitaalse suver\u00e4\u00e4nsuse jaoks.<\/p><ul><li>Noorsoot\u00f6\u00f6tajate suurenenud suutlikkus tagada enda ja teiste isiklike digitaalsete andmete kaitse;<\/li><li>Suurenenud eneseteadlikkus ja kriitiline m\u00f5tlemine seoses digiseadmete kasutamise ja digitaalse suhtluse vormidega;<\/li><li>Arusaam ja teadlikkus digitaalsete turvameetmete t\u00f5husast rakendamisest igap\u00e4evat\u00f6\u00f6s ja konkreetsetes olukordades;<\/li><li>isikliku arengu juhtimine ja l\u00e4bivad oskused;<\/li><li>isiklik m\u00f5juv\u00f5im ja iseseisvus;<\/li><li>eneserefleksioon ja isikliku ja t\u00f6\u00f6alase arengu vastutus;<\/li><li>huvi laiemate digitaalse turvalisuse k\u00fcsimuste ja murede vastu riiklikul ja Euroopa tasandil;<\/li><li>teadlikkus ja arusaamine digip\u00e4devustest;<\/li><li>Probleemide lahendamise protsessi m\u00f5istmine, mida saab rakendada digitaalse turvalisuse probleemide ja p\u00e4ringute puhul;<\/li><li>Teadmised digitaalse turvalisuse p\u00f5hjustest ja tagaj\u00e4rgedest kohalikul, piirkondlikul, riiklikul ja Euroopa tasandil;<\/li><li>Suurenenud mure digitaalse turvalisuse k\u00fcsimuste p\u00e4rast;<\/li><li>enesekindlus, et suudate vaidlustada ja aktiivselt tegeleda v\u00f5imalike digitaalse turvalisuse ohtudega;<\/li><li>Haridusmoodulite saavutamine;<\/li><li>Euroopa v\u00f5tmep\u00e4devuste omandamine.<\/li><\/ul>\t\t\t\t\t\t\t\t<\/div>\n\t\t\t\t<\/div>\n\t\t\t\t<div class=\"elementor-element elementor-element-18a0cdc elementor-widget elementor-widget-spacer\" data-id=\"18a0cdc\" data-element_type=\"widget\" data-e-type=\"widget\" data-widget_type=\"spacer.default\">\n\t\t\t\t<div class=\"elementor-widget-container\">\n\t\t\t\t\t\t\t<div class=\"elementor-spacer\">\n\t\t\t<div class=\"elementor-spacer-inner\"><\/div>\n\t\t<\/div>\n\t\t\t\t\t\t<\/div>\n\t\t\t\t<\/div>\n\t\t\t\t\t<\/div>\n\t\t<\/div>\n\t\t\t\t\t<\/div>\n\t\t<\/section>\n\t\t\t\t<section class=\"elementor-section elementor-top-section elementor-element elementor-element-75ceb75 elementor-section-boxed elementor-section-height-default elementor-section-height-default\" data-id=\"75ceb75\" data-element_type=\"section\" data-e-type=\"section\" data-settings=\"{&quot;background_background&quot;:&quot;classic&quot;}\">\n\t\t\t\t\t\t<div class=\"elementor-container elementor-column-gap-default\">\n\t\t\t\t\t<div class=\"elementor-column elementor-col-33 elementor-top-column elementor-element elementor-element-27c7c46\" data-id=\"27c7c46\" data-element_type=\"column\" data-e-type=\"column\">\n\t\t\t<div class=\"elementor-widget-wrap elementor-element-populated\">\n\t\t\t\t\t\t<div class=\"elementor-element elementor-element-0ced74b elementor-widget elementor-widget-spacer\" data-id=\"0ced74b\" data-element_type=\"widget\" data-e-type=\"widget\" data-widget_type=\"spacer.default\">\n\t\t\t\t<div class=\"elementor-widget-container\">\n\t\t\t\t\t\t\t<div class=\"elementor-spacer\">\n\t\t\t<div class=\"elementor-spacer-inner\"><\/div>\n\t\t<\/div>\n\t\t\t\t\t\t<\/div>\n\t\t\t\t<\/div>\n\t\t\t\t<div class=\"elementor-element elementor-element-10a3867 elementor-widget elementor-widget-image\" data-id=\"10a3867\" data-element_type=\"widget\" data-e-type=\"widget\" data-widget_type=\"image.default\">\n\t\t\t\t<div class=\"elementor-widget-container\">\n\t\t\t\t\t\t\t\t\t\t\t\t\t\t\t<img decoding=\"async\" width=\"300\" height=\"61\" src=\"https:\/\/euproject-links.eu\/wp-content\/uploads\/2022\/05\/EN_Co-funded_by_the_EU_PANTONE__1_-removebg-preview-e1653553317677-300x61.png\" class=\"attachment-medium size-medium wp-image-2139\" alt=\"\" srcset=\"https:\/\/euproject-links.eu\/wp-content\/uploads\/2022\/05\/EN_Co-funded_by_the_EU_PANTONE__1_-removebg-preview-e1653553317677-300x61.png 300w, https:\/\/euproject-links.eu\/wp-content\/uploads\/2022\/05\/EN_Co-funded_by_the_EU_PANTONE__1_-removebg-preview-e1653553317677-768x156.png 768w, https:\/\/euproject-links.eu\/wp-content\/uploads\/2022\/05\/EN_Co-funded_by_the_EU_PANTONE__1_-removebg-preview-e1653553317677-720x146.png 720w, https:\/\/euproject-links.eu\/wp-content\/uploads\/2022\/05\/EN_Co-funded_by_the_EU_PANTONE__1_-removebg-preview-e1653553317677.png 1006w\" sizes=\"(max-width: 300px) 100vw, 300px\" \/>\t\t\t\t\t\t\t\t\t\t\t\t\t\t\t<\/div>\n\t\t\t\t<\/div>\n\t\t\t\t<div class=\"elementor-element elementor-element-ac79137 elementor-widget elementor-widget-text-editor\" data-id=\"ac79137\" data-element_type=\"widget\" data-e-type=\"widget\" data-widget_type=\"text-editor.default\">\n\t\t\t\t<div class=\"elementor-widget-container\">\n\t\t\t\t\t\t\t\t\t<p>Rahastab Euroopa Liit. V\u00e4ljendatud seisukohad ja arvamused on siiski ainult autori(te) omad ega pruugi kajastada Euroopa Liidu v\u00f5i Euroopa Hariduse ja Kultuuri T\u00e4itevasutuse (EACEA) seisukohti ja arvamusi. Euroopa Liit ega EACEA ei saa nende eest vastutada. 2021-2-DK01-KA220-YOU-000050308<\/p>\t\t\t\t\t\t\t\t<\/div>\n\t\t\t\t<\/div>\n\t\t\t\t<div class=\"elementor-element elementor-element-259999a elementor-widget elementor-widget-spacer\" data-id=\"259999a\" data-element_type=\"widget\" data-e-type=\"widget\" data-widget_type=\"spacer.default\">\n\t\t\t\t<div class=\"elementor-widget-container\">\n\t\t\t\t\t\t\t<div class=\"elementor-spacer\">\n\t\t\t<div class=\"elementor-spacer-inner\"><\/div>\n\t\t<\/div>\n\t\t\t\t\t\t<\/div>\n\t\t\t\t<\/div>\n\t\t\t\t\t<\/div>\n\t\t<\/div>\n\t\t\t\t<div class=\"elementor-column elementor-col-33 elementor-top-column elementor-element elementor-element-0ff3fb9\" data-id=\"0ff3fb9\" data-element_type=\"column\" data-e-type=\"column\">\n\t\t\t<div class=\"elementor-widget-wrap\">\n\t\t\t\t\t\t\t<\/div>\n\t\t<\/div>\n\t\t\t\t<div class=\"elementor-column elementor-col-33 elementor-top-column elementor-element elementor-element-bf86ad2\" data-id=\"bf86ad2\" data-element_type=\"column\" data-e-type=\"column\">\n\t\t\t<div class=\"elementor-widget-wrap elementor-element-populated\">\n\t\t\t\t\t\t<div class=\"elementor-element elementor-element-ea9850b elementor-widget elementor-widget-spacer\" data-id=\"ea9850b\" data-element_type=\"widget\" data-e-type=\"widget\" data-widget_type=\"spacer.default\">\n\t\t\t\t<div class=\"elementor-widget-container\">\n\t\t\t\t\t\t\t<div class=\"elementor-spacer\">\n\t\t\t<div class=\"elementor-spacer-inner\"><\/div>\n\t\t<\/div>\n\t\t\t\t\t\t<\/div>\n\t\t\t\t<\/div>\n\t\t\t\t<div class=\"elementor-element elementor-element-afc753f elementor-widget elementor-widget-image\" data-id=\"afc753f\" data-element_type=\"widget\" data-e-type=\"widget\" data-widget_type=\"image.default\">\n\t\t\t\t<div class=\"elementor-widget-container\">\n\t\t\t\t\t\t\t\t\t\t\t\t\t\t\t\t<a href=\"https:\/\/euproject-links.eu\/\">\n\t\t\t\t\t\t\t<img decoding=\"async\" width=\"125\" height=\"68\" src=\"https:\/\/euproject-links.eu\/wp-content\/uploads\/2022\/05\/LINKS-LOGO-WHITE-1.png\" class=\"attachment-medium size-medium wp-image-2181\" alt=\"\" \/>\t\t\t\t\t\t\t\t<\/a>\n\t\t\t\t\t\t\t\t\t\t\t\t\t\t\t<\/div>\n\t\t\t\t<\/div>\n\t\t\t\t<div class=\"elementor-element elementor-element-7a43a07 elementor-widget elementor-widget-text-editor\" data-id=\"7a43a07\" data-element_type=\"widget\" data-e-type=\"widget\" data-widget_type=\"text-editor.default\">\n\t\t\t\t<div class=\"elementor-widget-container\">\n\t\t\t\t\t\t\t\t\t<a style=\"color: white;\" href=\"https:\/\/euproject-links.eu\/?page_id=2104\" target=\"_blank\" rel=\"noopener\">Terms of Use<\/a>\t\t\t\t\t\t\t\t<\/div>\n\t\t\t\t<\/div>\n\t\t\t\t<div class=\"elementor-element elementor-element-21233de elementor-shape-circle e-grid-align-right elementor-grid-0 elementor-widget elementor-widget-social-icons\" data-id=\"21233de\" data-element_type=\"widget\" data-e-type=\"widget\" data-widget_type=\"social-icons.default\">\n\t\t\t\t<div class=\"elementor-widget-container\">\n\t\t\t\t\t\t\t<div class=\"elementor-social-icons-wrapper elementor-grid\">\n\t\t\t\t\t\t\t<span class=\"elementor-grid-item\">\n\t\t\t\t\t<a class=\"elementor-icon elementor-social-icon elementor-social-icon-facebook elementor-animation-shrink elementor-repeater-item-47cc294\" href=\"https:\/\/www.facebook.com\/Links-114863827889581\" target=\"_blank\">\n\t\t\t\t\t\t<span class=\"elementor-screen-only\">Facebook<\/span>\n\t\t\t\t\t\t<i aria-hidden=\"true\" class=\"fab fa-facebook\"><\/i>\t\t\t\t\t<\/a>\n\t\t\t\t<\/span>\n\t\t\t\t\t<\/div>\n\t\t\t\t\t\t<\/div>\n\t\t\t\t<\/div>\n\t\t\t\t\t<\/div>\n\t\t<\/div>\n\t\t\t\t\t<\/div>\n\t\t<\/section>\n\t\t\t\t<section class=\"elementor-section elementor-top-section elementor-element elementor-element-e59efb1 elementor-section-boxed elementor-section-height-default elementor-section-height-default\" data-id=\"e59efb1\" data-element_type=\"section\" data-e-type=\"section\" data-settings=\"{&quot;background_background&quot;:&quot;classic&quot;}\">\n\t\t\t\t\t\t<div class=\"elementor-container elementor-column-gap-default\">\n\t\t\t\t\t<div class=\"elementor-column elementor-col-100 elementor-top-column elementor-element elementor-element-075ec0e\" data-id=\"075ec0e\" data-element_type=\"column\" data-e-type=\"column\">\n\t\t\t<div class=\"elementor-widget-wrap elementor-element-populated\">\n\t\t\t\t\t\t<div class=\"elementor-element elementor-element-f317822 elementor-widget-divider--view-line elementor-widget elementor-widget-divider\" data-id=\"f317822\" data-element_type=\"widget\" data-e-type=\"widget\" data-widget_type=\"divider.default\">\n\t\t\t\t<div class=\"elementor-widget-container\">\n\t\t\t\t\t\t\t<div class=\"elementor-divider\">\n\t\t\t<span class=\"elementor-divider-separator\">\n\t\t\t\t\t\t<\/span>\n\t\t<\/div>\n\t\t\t\t\t\t<\/div>\n\t\t\t\t<\/div>\n\t\t\t\t\t<\/div>\n\t\t<\/div>\n\t\t\t\t\t<\/div>\n\t\t<\/section>\n\t\t\t\t<section class=\"elementor-section elementor-top-section elementor-element elementor-element-f268d5c elementor-section-boxed elementor-section-height-default elementor-section-height-default\" data-id=\"f268d5c\" data-element_type=\"section\" data-e-type=\"section\" data-settings=\"{&quot;background_background&quot;:&quot;classic&quot;}\">\n\t\t\t\t\t\t<div class=\"elementor-container elementor-column-gap-default\">\n\t\t\t\t\t<div class=\"elementor-column elementor-col-33 elementor-top-column elementor-element elementor-element-6b419cf\" data-id=\"6b419cf\" data-element_type=\"column\" data-e-type=\"column\">\n\t\t\t<div class=\"elementor-widget-wrap elementor-element-populated\">\n\t\t\t\t\t\t<div class=\"elementor-element elementor-element-63c187f elementor-widget elementor-widget-text-editor\" data-id=\"63c187f\" data-element_type=\"widget\" data-e-type=\"widget\" data-widget_type=\"text-editor.default\">\n\t\t\t\t<div class=\"elementor-widget-container\">\n\t\t\t\t\t\t\t\t\t<p>Copyright \u00a9 2022 LINKS. All Rights Reserved<\/p>\t\t\t\t\t\t\t\t<\/div>\n\t\t\t\t<\/div>\n\t\t\t\t\t<\/div>\n\t\t<\/div>\n\t\t\t\t<div class=\"elementor-column elementor-col-33 elementor-top-column elementor-element elementor-element-1a18be2\" data-id=\"1a18be2\" data-element_type=\"column\" data-e-type=\"column\">\n\t\t\t<div class=\"elementor-widget-wrap\">\n\t\t\t\t\t\t\t<\/div>\n\t\t<\/div>\n\t\t\t\t<div class=\"elementor-column elementor-col-33 elementor-top-column elementor-element elementor-element-c2d3bf7\" data-id=\"c2d3bf7\" data-element_type=\"column\" data-e-type=\"column\">\n\t\t\t<div class=\"elementor-widget-wrap elementor-element-populated\">\n\t\t\t\t\t\t<div class=\"elementor-element elementor-element-f328005 elementor-widget elementor-widget-text-editor\" data-id=\"f328005\" data-element_type=\"widget\" data-e-type=\"widget\" data-widget_type=\"text-editor.default\">\n\t\t\t\t<div class=\"elementor-widget-container\">\n\t\t\t\t\t\t\t\t\t<span style=\"color: white; font-size: 16px; text-align: right;\">Powered by\u00a0<\/span><a style=\"color: white; background-color: black; font-size: 16px; text-align: right;\" href=\"https:\/\/innovationhive.eu\/\" target=\"_blank\" rel=\"noopener\">Innovation Hive<\/a>\t\t\t\t\t\t\t\t<\/div>\n\t\t\t\t<\/div>\n\t\t\t\t\t<\/div>\n\t\t<\/div>\n\t\t\t\t\t<\/div>\n\t\t<\/section>\n\t\t\t\t<\/div>\n\t\t","protected":false},"excerpt":{"rendered":"<p>Projekt Projekti kirjeldus Digitaalne suver\u00e4\u00e4nsus on digiajastul uus kontseptsioon, mis viitab sellele, et osapooltel peaks olema suver\u00e4\u00e4nsus oma digitaalsete andmete [&hellip;]<\/p>\n","protected":false},"author":1,"featured_media":0,"parent":0,"menu_order":0,"comment_status":"closed","ping_status":"closed","template":"page-templates\/template_page-builder.php","meta":{"_monsterinsights_skip_tracking":false,"_monsterinsights_sitenote_active":false,"_monsterinsights_sitenote_note":"","_monsterinsights_sitenote_category":0,"footnotes":""},"class_list":["post-2692","page","type-page","status-publish","hentry"],"aioseo_notices":[],"_links":{"self":[{"href":"https:\/\/euproject-links.eu\/index.php?rest_route=\/wp\/v2\/pages\/2692","targetHints":{"allow":["GET"]}}],"collection":[{"href":"https:\/\/euproject-links.eu\/index.php?rest_route=\/wp\/v2\/pages"}],"about":[{"href":"https:\/\/euproject-links.eu\/index.php?rest_route=\/wp\/v2\/types\/page"}],"author":[{"embeddable":true,"href":"https:\/\/euproject-links.eu\/index.php?rest_route=\/wp\/v2\/users\/1"}],"replies":[{"embeddable":true,"href":"https:\/\/euproject-links.eu\/index.php?rest_route=%2Fwp%2Fv2%2Fcomments&post=2692"}],"version-history":[{"count":7,"href":"https:\/\/euproject-links.eu\/index.php?rest_route=\/wp\/v2\/pages\/2692\/revisions"}],"predecessor-version":[{"id":3002,"href":"https:\/\/euproject-links.eu\/index.php?rest_route=\/wp\/v2\/pages\/2692\/revisions\/3002"}],"wp:attachment":[{"href":"https:\/\/euproject-links.eu\/index.php?rest_route=%2Fwp%2Fv2%2Fmedia&parent=2692"}],"curies":[{"name":"wp","href":"https:\/\/api.w.org\/{rel}","templated":true}]}}